{"id":1007,"date":"2024-05-21T16:25:23","date_gmt":"2024-05-21T14:25:23","guid":{"rendered":"https:\/\/silverfir.ch\/?post_type=product&#038;p=1007"},"modified":"2024-05-21T19:18:00","modified_gmt":"2024-05-21T17:18:00","slug":"balance-board-skull","status":"publish","type":"product","link":"https:\/\/silverfir.ch\/index.php\/produit\/balance-board-skull\/","title":{"rendered":"Balance Board Skull"},"content":{"rendered":"<h6><strong>DESIGN &amp; FABRICATION A LA MAIN PIECE UNIQUE !<\/strong><\/h6>\n<h6><strong>Design : <\/strong>Feutre posca &amp; Spray Acrylique<\/h6>\n<h6><strong>Bois :<\/strong> Board en bouleau et stopper en \u00e9pic\u00e9a<\/h6>\n<h6><strong>Longueur : <\/strong>80 cm<\/h6>\n<h6><strong>Largeur : <\/strong>40 cm<\/h6>\n<h6><strong>Rouleau inclus : <\/strong>33cm diam\u00e8tre 10 cm<\/h6>\n","protected":false},"excerpt":{"rendered":"<h6>La Balance Board est un super sport pour travailler ton \u00e9quilibre et une tr\u00e8s bonne pr\u00e9paration physique pour tous les sports comme le Sup, le skate, wingfoil ou le surf.<\/h6>\n<h6>Cette balance board est une pi\u00e8ce unique enti\u00e8rement fabriqu\u00e9e \u00e0 la main et son design \u00e0 \u00e9t\u00e9 cr\u00e9\u00e9 pour les amoureux du SUP ! Elle est enti\u00e8rement dessin\u00e9e \u00e0 la main au feutre posca et spray acrylique.<\/h6>\n<h6>Nous te conseillons d&rsquo;utiliser un tapis si tu fais de la balance board \u00e0 l&rsquo;int\u00e9rieur et de faire cela dans un espace ad\u00e9quat.<\/h6>\n<p>Si un design vous pla\u00eet, il est possible de fabriquer une balance board dans le m\u00eame style sur demande sp\u00e9ciale est devis nous contacter <a href=\"contact@silverfir.ch\">contact@silverfir.ch<\/a><\/p>\n","protected":false},"featured_media":1015,"template":"","meta":[],"product_brand":[],"product_cat":[38],"product_tag":[],"class_list":{"0":"post-1007","1":"product","2":"type-product","3":"status-publish","4":"has-post-thumbnail","6":"product_cat-balance-board-silver-fir-swiss-handmade-design","8":"first","9":"outofstock","10":"sold-individually","11":"shipping-taxable","12":"purchasable","13":"product-type-simple"},"yoast_head":"<!-- This site is optimized with the Yoast SEO plugin v27.5 - https:\/\/yoast.com\/product\/yoast-seo-wordpress\/ -->\n<title>Balance Board Skull| Swiss Made Balance Board | Silver Fir Board<\/title>\n<meta name=\"description\" content=\"Balance Board Poya, fabrication \u00e0 la main, pi\u00e8ce unique, planche d&#039;\u00e9quilibre swiss made, Silver Fir Skateboards, handmade switzerland, design unique\" \/>\n<meta name=\"robots\" content=\"index, follow, max-snippet:-1, max-image-preview:large, max-video-preview:-1\" \/>\n<link rel=\"canonical\" href=\"https:\/\/silverfir.ch\/index.php\/produit\/balance-board-skull\/\" \/>\n<meta property=\"og:locale\" content=\"fr_FR\" \/>\n<meta property=\"og:type\" content=\"article\" \/>\n<meta property=\"og:title\" content=\"Balance Board Skull| Swiss Made Balance Board | Silver Fir Board\" \/>\n<meta property=\"og:description\" content=\"Balance Board Poya, fabrication \u00e0 la main, pi\u00e8ce unique, planche d&#039;\u00e9quilibre swiss made, Silver Fir Skateboards, handmade switzerland, design unique\" \/>\n<meta property=\"og:url\" content=\"https:\/\/silverfir.ch\/index.php\/produit\/balance-board-skull\/\" \/>\n<meta property=\"og:site_name\" content=\"Silver Fir Skateboards. Tous droits r\u00e9serv\u00e9s.\" \/>\n<meta property=\"article:modified_time\" content=\"2024-05-21T17:18:00+00:00\" \/>\n<meta property=\"og:image\" content=\"https:\/\/silverfir.ch\/wp-content\/uploads\/2023\/12\/Skull_face-scaled.jpg\" \/>\n\t<meta property=\"og:image:width\" content=\"2492\" \/>\n\t<meta property=\"og:image:height\" content=\"2560\" \/>\n\t<meta property=\"og:image:type\" content=\"image\/jpeg\" \/>\n<meta name=\"twitter:card\" content=\"summary_large_image\" \/>\n<meta name=\"twitter:label1\" content=\"Dur\u00e9e de lecture estim\u00e9e\" \/>\n\t<meta name=\"twitter:data1\" content=\"1 minute\" \/>\n<script type=\"application\/ld+json\" class=\"yoast-schema-graph\">{\"@context\":\"https:\\\/\\\/schema.org\",\"@graph\":[{\"@type\":\"WebPage\",\"@id\":\"https:\\\/\\\/silverfir.ch\\\/index.php\\\/produit\\\/balance-board-skull\\\/\",\"url\":\"https:\\\/\\\/silverfir.ch\\\/index.php\\\/produit\\\/balance-board-skull\\\/\",\"name\":\"Balance Board Skull| Swiss Made Balance Board | Silver Fir Board\",\"isPartOf\":{\"@id\":\"https:\\\/\\\/silverfir.ch\\\/#website\"},\"primaryImageOfPage\":{\"@id\":\"https:\\\/\\\/silverfir.ch\\\/index.php\\\/produit\\\/balance-board-skull\\\/#primaryimage\"},\"image\":{\"@id\":\"https:\\\/\\\/silverfir.ch\\\/index.php\\\/produit\\\/balance-board-skull\\\/#primaryimage\"},\"thumbnailUrl\":\"https:\\\/\\\/silverfir.ch\\\/wp-content\\\/uploads\\\/2023\\\/12\\\/Skull_face-scaled.jpg\",\"datePublished\":\"2024-05-21T14:25:23+00:00\",\"dateModified\":\"2024-05-21T17:18:00+00:00\",\"description\":\"Balance Board Poya, fabrication \u00e0 la main, pi\u00e8ce unique, planche d'\u00e9quilibre swiss made, Silver Fir Skateboards, handmade switzerland, design unique\",\"breadcrumb\":{\"@id\":\"https:\\\/\\\/silverfir.ch\\\/index.php\\\/produit\\\/balance-board-skull\\\/#breadcrumb\"},\"inLanguage\":\"fr-FR\",\"potentialAction\":[{\"@type\":\"ReadAction\",\"target\":[\"https:\\\/\\\/silverfir.ch\\\/index.php\\\/produit\\\/balance-board-skull\\\/\"]}]},{\"@type\":\"ImageObject\",\"inLanguage\":\"fr-FR\",\"@id\":\"https:\\\/\\\/silverfir.ch\\\/index.php\\\/produit\\\/balance-board-skull\\\/#primaryimage\",\"url\":\"https:\\\/\\\/silverfir.ch\\\/wp-content\\\/uploads\\\/2023\\\/12\\\/Skull_face-scaled.jpg\",\"contentUrl\":\"https:\\\/\\\/silverfir.ch\\\/wp-content\\\/uploads\\\/2023\\\/12\\\/Skull_face-scaled.jpg\",\"width\":2492,\"height\":2560},{\"@type\":\"BreadcrumbList\",\"@id\":\"https:\\\/\\\/silverfir.ch\\\/index.php\\\/produit\\\/balance-board-skull\\\/#breadcrumb\",\"itemListElement\":[{\"@type\":\"ListItem\",\"position\":1,\"name\":\"Accueil\",\"item\":\"https:\\\/\\\/silverfir.ch\\\/\"},{\"@type\":\"ListItem\",\"position\":2,\"name\":\"Balance Board Skull\"}]},{\"@type\":\"WebSite\",\"@id\":\"https:\\\/\\\/silverfir.ch\\\/#website\",\"url\":\"https:\\\/\\\/silverfir.ch\\\/\",\"name\":\"Silver Fir Skateboards. Tous droits r\u00e9serv\u00e9s.\",\"description\":\"Swiss Homemade Surf Style Cruiser Skateboards\",\"publisher\":{\"@id\":\"https:\\\/\\\/silverfir.ch\\\/#organization\"},\"potentialAction\":[{\"@type\":\"SearchAction\",\"target\":{\"@type\":\"EntryPoint\",\"urlTemplate\":\"https:\\\/\\\/silverfir.ch\\\/?s={search_term_string}\"},\"query-input\":{\"@type\":\"PropertyValueSpecification\",\"valueRequired\":true,\"valueName\":\"search_term_string\"}}],\"inLanguage\":\"fr-FR\"},{\"@type\":\"Organization\",\"@id\":\"https:\\\/\\\/silverfir.ch\\\/#organization\",\"name\":\"Silverfire\",\"url\":\"https:\\\/\\\/silverfir.ch\\\/\",\"logo\":{\"@type\":\"ImageObject\",\"inLanguage\":\"fr-FR\",\"@id\":\"https:\\\/\\\/silverfir.ch\\\/#\\\/schema\\\/logo\\\/image\\\/\",\"url\":\"https:\\\/\\\/silverfir.ch\\\/wp-content\\\/uploads\\\/2016\\\/12\\\/cropped-Logo-silver-fir-520X520.jpg\",\"contentUrl\":\"https:\\\/\\\/silverfir.ch\\\/wp-content\\\/uploads\\\/2016\\\/12\\\/cropped-Logo-silver-fir-520X520.jpg\",\"width\":512,\"height\":512,\"caption\":\"Silverfire\"},\"image\":{\"@id\":\"https:\\\/\\\/silverfir.ch\\\/#\\\/schema\\\/logo\\\/image\\\/\"}}]}<\/script>\n<!-- \/ Yoast SEO plugin. -->","yoast_head_json":{"title":"Balance Board Skull| Swiss Made Balance Board | Silver Fir Board","description":"Balance Board Poya, fabrication \u00e0 la main, pi\u00e8ce unique, planche d'\u00e9quilibre swiss made, Silver Fir Skateboards, handmade switzerland, design unique","robots":{"index":"index","follow":"follow","max-snippet":"max-snippet:-1","max-image-preview":"max-image-preview:large","max-video-preview":"max-video-preview:-1"},"canonical":"https:\/\/silverfir.ch\/index.php\/produit\/balance-board-skull\/","og_locale":"fr_FR","og_type":"article","og_title":"Balance Board Skull| Swiss Made Balance Board | Silver Fir Board","og_description":"Balance Board Poya, fabrication \u00e0 la main, pi\u00e8ce unique, planche d'\u00e9quilibre swiss made, Silver Fir Skateboards, handmade switzerland, design unique","og_url":"https:\/\/silverfir.ch\/index.php\/produit\/balance-board-skull\/","og_site_name":"Silver Fir Skateboards. Tous droits r\u00e9serv\u00e9s.","article_modified_time":"2024-05-21T17:18:00+00:00","og_image":[{"width":2492,"height":2560,"url":"https:\/\/silverfir.ch\/wp-content\/uploads\/2023\/12\/Skull_face-scaled.jpg","type":"image\/jpeg"}],"twitter_card":"summary_large_image","twitter_misc":{"Dur\u00e9e de lecture estim\u00e9e":"1 minute"},"schema":{"@context":"https:\/\/schema.org","@graph":[{"@type":"WebPage","@id":"https:\/\/silverfir.ch\/index.php\/produit\/balance-board-skull\/","url":"https:\/\/silverfir.ch\/index.php\/produit\/balance-board-skull\/","name":"Balance Board Skull| Swiss Made Balance Board | Silver Fir Board","isPartOf":{"@id":"https:\/\/silverfir.ch\/#website"},"primaryImageOfPage":{"@id":"https:\/\/silverfir.ch\/index.php\/produit\/balance-board-skull\/#primaryimage"},"image":{"@id":"https:\/\/silverfir.ch\/index.php\/produit\/balance-board-skull\/#primaryimage"},"thumbnailUrl":"https:\/\/silverfir.ch\/wp-content\/uploads\/2023\/12\/Skull_face-scaled.jpg","datePublished":"2024-05-21T14:25:23+00:00","dateModified":"2024-05-21T17:18:00+00:00","description":"Balance Board Poya, fabrication \u00e0 la main, pi\u00e8ce unique, planche d'\u00e9quilibre swiss made, Silver Fir Skateboards, handmade switzerland, design unique","breadcrumb":{"@id":"https:\/\/silverfir.ch\/index.php\/produit\/balance-board-skull\/#breadcrumb"},"inLanguage":"fr-FR","potentialAction":[{"@type":"ReadAction","target":["https:\/\/silverfir.ch\/index.php\/produit\/balance-board-skull\/"]}]},{"@type":"ImageObject","inLanguage":"fr-FR","@id":"https:\/\/silverfir.ch\/index.php\/produit\/balance-board-skull\/#primaryimage","url":"https:\/\/silverfir.ch\/wp-content\/uploads\/2023\/12\/Skull_face-scaled.jpg","contentUrl":"https:\/\/silverfir.ch\/wp-content\/uploads\/2023\/12\/Skull_face-scaled.jpg","width":2492,"height":2560},{"@type":"BreadcrumbList","@id":"https:\/\/silverfir.ch\/index.php\/produit\/balance-board-skull\/#breadcrumb","itemListElement":[{"@type":"ListItem","position":1,"name":"Accueil","item":"https:\/\/silverfir.ch\/"},{"@type":"ListItem","position":2,"name":"Balance Board Skull"}]},{"@type":"WebSite","@id":"https:\/\/silverfir.ch\/#website","url":"https:\/\/silverfir.ch\/","name":"Silver Fir Skateboards. Tous droits r\u00e9serv\u00e9s.","description":"Swiss Homemade Surf Style Cruiser Skateboards","publisher":{"@id":"https:\/\/silverfir.ch\/#organization"},"potentialAction":[{"@type":"SearchAction","target":{"@type":"EntryPoint","urlTemplate":"https:\/\/silverfir.ch\/?s={search_term_string}"},"query-input":{"@type":"PropertyValueSpecification","valueRequired":true,"valueName":"search_term_string"}}],"inLanguage":"fr-FR"},{"@type":"Organization","@id":"https:\/\/silverfir.ch\/#organization","name":"Silverfire","url":"https:\/\/silverfir.ch\/","logo":{"@type":"ImageObject","inLanguage":"fr-FR","@id":"https:\/\/silverfir.ch\/#\/schema\/logo\/image\/","url":"https:\/\/silverfir.ch\/wp-content\/uploads\/2016\/12\/cropped-Logo-silver-fir-520X520.jpg","contentUrl":"https:\/\/silverfir.ch\/wp-content\/uploads\/2016\/12\/cropped-Logo-silver-fir-520X520.jpg","width":512,"height":512,"caption":"Silverfire"},"image":{"@id":"https:\/\/silverfir.ch\/#\/schema\/logo\/image\/"}}]}},"_links":{"self":[{"href":"https:\/\/silverfir.ch\/index.php\/wp-json\/wp\/v2\/product\/1007","targetHints":{"allow":["GET"]}}],"collection":[{"href":"https:\/\/silverfir.ch\/index.php\/wp-json\/wp\/v2\/product"}],"about":[{"href":"https:\/\/silverfir.ch\/index.php\/wp-json\/wp\/v2\/types\/product"}],"wp:featuredmedia":[{"embeddable":true,"href":"https:\/\/silverfir.ch\/index.php\/wp-json\/wp\/v2\/media\/1015"}],"wp:attachment":[{"href":"https:\/\/silverfir.ch\/index.php\/wp-json\/wp\/v2\/media?parent=1007"}],"wp:term":[{"taxonomy":"product_brand","embeddable":true,"href":"https:\/\/silverfir.ch\/index.php\/wp-json\/wp\/v2\/product_brand?post=1007"},{"taxonomy":"product_cat","embeddable":true,"href":"https:\/\/silverfir.ch\/index.php\/wp-json\/wp\/v2\/product_cat?post=1007"},{"taxonomy":"product_tag","embeddable":true,"href":"https:\/\/silverfir.ch\/index.php\/wp-json\/wp\/v2\/product_tag?post=1007"}],"curies":[{"name":"wp","href":"https:\/\/api.w.org\/{rel}","templated":true}]}}