{"id":763,"date":"2019-01-18T12:03:50","date_gmt":"2019-01-18T11:03:50","guid":{"rendered":"https:\/\/silverfir.ch\/?page_id=763"},"modified":"2019-12-15T17:55:54","modified_gmt":"2019-12-15T16:55:54","slug":"skateboards-cruiser-70s","status":"publish","type":"page","link":"https:\/\/silverfir.ch\/index.php\/skateboards-cruiser-70s\/","title":{"rendered":"Skateboards Cruiser 70&rsquo;s"},"content":{"rendered":"<p style=\"text-align: center;\"><strong>CRUISER 70\u2019s<\/strong><\/p>\n<p style=\"text-align: center;\">Petites boards en bois massif de 70 cm par 17 cm, totalement old school dans le plus pur style de dogtown.<\/p>\n<p style=\"text-align: center;\"><img loading=\"lazy\" decoding=\"async\" class=\"alignnone size-medium wp-image-542\" src=\"https:\/\/silverfir.ch\/wp-content\/uploads\/2017\/02\/skate-flamme-dessous-300x300.jpg\" alt=\"\" width=\"300\" height=\"300\" srcset=\"https:\/\/silverfir.ch\/wp-content\/uploads\/2017\/02\/skate-flamme-dessous-300x300.jpg 300w, https:\/\/silverfir.ch\/wp-content\/uploads\/2017\/02\/skate-flamme-dessous-150x150.jpg 150w, https:\/\/silverfir.ch\/wp-content\/uploads\/2017\/02\/skate-flamme-dessous-768x768.jpg 768w, https:\/\/silverfir.ch\/wp-content\/uploads\/2017\/02\/skate-flamme-dessous-700x700.jpg 700w, https:\/\/silverfir.ch\/wp-content\/uploads\/2017\/02\/skate-flamme-dessous-800x800.jpg 800w, https:\/\/silverfir.ch\/wp-content\/uploads\/2017\/02\/skate-flamme-dessous.jpg 1000w\" sizes=\"auto, (max-width: 300px) 100vw, 300px\" \/><\/p>\n<p style=\"text-align: center;\">Skateboards en 7 plis d\u2019\u00e9rables, au look retro mais avec son tail et son nose relev\u00e9 con\u00e7ues pour le skatepark ou la promenade<\/p>\n<p style=\"text-align: center;\"><img loading=\"lazy\" decoding=\"async\" class=\"alignnone size-medium wp-image-767\" src=\"https:\/\/silverfir.ch\/wp-content\/uploads\/2019\/01\/skate-street-waterfall-dessous-300x300.jpg\" alt=\"\" width=\"300\" height=\"300\" srcset=\"https:\/\/silverfir.ch\/wp-content\/uploads\/2019\/01\/skate-street-waterfall-dessous-300x300.jpg 300w, https:\/\/silverfir.ch\/wp-content\/uploads\/2019\/01\/skate-street-waterfall-dessous-150x150.jpg 150w, https:\/\/silverfir.ch\/wp-content\/uploads\/2019\/01\/skate-street-waterfall-dessous-768x768.jpg 768w, https:\/\/silverfir.ch\/wp-content\/uploads\/2019\/01\/skate-street-waterfall-dessous-700x700.jpg 700w, https:\/\/silverfir.ch\/wp-content\/uploads\/2019\/01\/skate-street-waterfall-dessous-800x800.jpg 800w, https:\/\/silverfir.ch\/wp-content\/uploads\/2019\/01\/skate-street-waterfall-dessous.jpg 1000w\" sizes=\"auto, (max-width: 300px) 100vw, 300px\" \/><\/p>\n<p style=\"text-align: center;\"><a href=\"https:\/\/silverfir.ch\/index.php\/skateboard-cruiser-fish\/\"><img loading=\"lazy\" decoding=\"async\" class=\"alignnone size-full wp-image-248\" src=\"https:\/\/silverfir.ch\/wp-content\/uploads\/2016\/12\/Bouton-Next-2.jpg\" alt=\"\" width=\"49\" height=\"66\"><\/a><\/p>\n","protected":false},"excerpt":{"rendered":"<p>CRUISER 70\u2019s Petites boards en bois massif de 70 cm par 17 cm, totalement old school dans le plus pur style de dogtown. Skateboards en 7 plis d\u2019\u00e9rables, au look retro mais avec son tail et son nose relev\u00e9 con\u00e7ues pour le skatepark ou la promenade<\/p>\n","protected":false},"author":1,"featured_media":0,"parent":0,"menu_order":0,"comment_status":"closed","ping_status":"closed","template":"","meta":{"footnotes":""},"class_list":["post-763","page","type-page","status-publish","hentry"],"yoast_head":"<!-- This site is optimized with the Yoast SEO plugin v27.5 - https:\/\/yoast.com\/product\/yoast-seo-wordpress\/ -->\n<title>Skateboards Cruiser 70&#039;s |Silver Fir skateboards |Surf style Cruiser skate<\/title>\n<meta name=\"description\" content=\"Skateboard look oldschool 70&#039;s avec deco flamme design et fabrication \u00e0 la main en suisse\" \/>\n<meta name=\"robots\" content=\"index, follow, max-snippet:-1, max-image-preview:large, max-video-preview:-1\" \/>\n<link rel=\"canonical\" href=\"https:\/\/silverfir.ch\/index.php\/skateboards-cruiser-70s\/\" \/>\n<meta property=\"og:locale\" content=\"fr_FR\" \/>\n<meta property=\"og:type\" content=\"article\" \/>\n<meta property=\"og:title\" content=\"Skateboards Cruiser 70&#039;s |Silver Fir skateboards |Surf style Cruiser skate\" \/>\n<meta property=\"og:description\" content=\"Skateboard look oldschool 70&#039;s avec deco flamme design et fabrication \u00e0 la main en suisse\" \/>\n<meta property=\"og:url\" content=\"https:\/\/silverfir.ch\/index.php\/skateboards-cruiser-70s\/\" \/>\n<meta property=\"og:site_name\" content=\"Silver Fir Skateboards. Tous droits r\u00e9serv\u00e9s.\" \/>\n<meta property=\"article:modified_time\" content=\"2019-12-15T16:55:54+00:00\" \/>\n<meta property=\"og:image\" content=\"https:\/\/silverfir.ch\/wp-content\/uploads\/2017\/02\/skate-flamme-dessous-300x300.jpg\" \/>\n<meta name=\"twitter:card\" content=\"summary_large_image\" \/>\n<script type=\"application\/ld+json\" class=\"yoast-schema-graph\">{\"@context\":\"https:\\\/\\\/schema.org\",\"@graph\":[{\"@type\":\"WebPage\",\"@id\":\"https:\\\/\\\/silverfir.ch\\\/index.php\\\/skateboards-cruiser-70s\\\/\",\"url\":\"https:\\\/\\\/silverfir.ch\\\/index.php\\\/skateboards-cruiser-70s\\\/\",\"name\":\"Skateboards Cruiser 70's |Silver Fir skateboards |Surf style Cruiser skate\",\"isPartOf\":{\"@id\":\"https:\\\/\\\/silverfir.ch\\\/#website\"},\"primaryImageOfPage\":{\"@id\":\"https:\\\/\\\/silverfir.ch\\\/index.php\\\/skateboards-cruiser-70s\\\/#primaryimage\"},\"image\":{\"@id\":\"https:\\\/\\\/silverfir.ch\\\/index.php\\\/skateboards-cruiser-70s\\\/#primaryimage\"},\"thumbnailUrl\":\"https:\\\/\\\/silverfir.ch\\\/wp-content\\\/uploads\\\/2017\\\/02\\\/skate-flamme-dessous-300x300.jpg\",\"datePublished\":\"2019-01-18T11:03:50+00:00\",\"dateModified\":\"2019-12-15T16:55:54+00:00\",\"description\":\"Skateboard look oldschool 70's avec deco flamme design et fabrication \u00e0 la main en suisse\",\"breadcrumb\":{\"@id\":\"https:\\\/\\\/silverfir.ch\\\/index.php\\\/skateboards-cruiser-70s\\\/#breadcrumb\"},\"inLanguage\":\"fr-FR\",\"potentialAction\":[{\"@type\":\"ReadAction\",\"target\":[\"https:\\\/\\\/silverfir.ch\\\/index.php\\\/skateboards-cruiser-70s\\\/\"]}]},{\"@type\":\"ImageObject\",\"inLanguage\":\"fr-FR\",\"@id\":\"https:\\\/\\\/silverfir.ch\\\/index.php\\\/skateboards-cruiser-70s\\\/#primaryimage\",\"url\":\"https:\\\/\\\/silverfir.ch\\\/wp-content\\\/uploads\\\/2017\\\/02\\\/skate-flamme-dessous.jpg\",\"contentUrl\":\"https:\\\/\\\/silverfir.ch\\\/wp-content\\\/uploads\\\/2017\\\/02\\\/skate-flamme-dessous.jpg\",\"width\":1000,\"height\":1000},{\"@type\":\"BreadcrumbList\",\"@id\":\"https:\\\/\\\/silverfir.ch\\\/index.php\\\/skateboards-cruiser-70s\\\/#breadcrumb\",\"itemListElement\":[{\"@type\":\"ListItem\",\"position\":1,\"name\":\"Accueil\",\"item\":\"https:\\\/\\\/silverfir.ch\\\/\"},{\"@type\":\"ListItem\",\"position\":2,\"name\":\"Skateboards Cruiser 70&rsquo;s\"}]},{\"@type\":\"WebSite\",\"@id\":\"https:\\\/\\\/silverfir.ch\\\/#website\",\"url\":\"https:\\\/\\\/silverfir.ch\\\/\",\"name\":\"Silver Fir Skateboards. Tous droits r\u00e9serv\u00e9s.\",\"description\":\"Swiss Homemade Surf Style Cruiser Skateboards\",\"publisher\":{\"@id\":\"https:\\\/\\\/silverfir.ch\\\/#organization\"},\"potentialAction\":[{\"@type\":\"SearchAction\",\"target\":{\"@type\":\"EntryPoint\",\"urlTemplate\":\"https:\\\/\\\/silverfir.ch\\\/?s={search_term_string}\"},\"query-input\":{\"@type\":\"PropertyValueSpecification\",\"valueRequired\":true,\"valueName\":\"search_term_string\"}}],\"inLanguage\":\"fr-FR\"},{\"@type\":\"Organization\",\"@id\":\"https:\\\/\\\/silverfir.ch\\\/#organization\",\"name\":\"Silverfire\",\"url\":\"https:\\\/\\\/silverfir.ch\\\/\",\"logo\":{\"@type\":\"ImageObject\",\"inLanguage\":\"fr-FR\",\"@id\":\"https:\\\/\\\/silverfir.ch\\\/#\\\/schema\\\/logo\\\/image\\\/\",\"url\":\"https:\\\/\\\/silverfir.ch\\\/wp-content\\\/uploads\\\/2016\\\/12\\\/cropped-Logo-silver-fir-520X520.jpg\",\"contentUrl\":\"https:\\\/\\\/silverfir.ch\\\/wp-content\\\/uploads\\\/2016\\\/12\\\/cropped-Logo-silver-fir-520X520.jpg\",\"width\":512,\"height\":512,\"caption\":\"Silverfire\"},\"image\":{\"@id\":\"https:\\\/\\\/silverfir.ch\\\/#\\\/schema\\\/logo\\\/image\\\/\"}}]}<\/script>\n<!-- \/ Yoast SEO plugin. -->","yoast_head_json":{"title":"Skateboards Cruiser 70's |Silver Fir skateboards |Surf style Cruiser skate","description":"Skateboard look oldschool 70's avec deco flamme design et fabrication \u00e0 la main en suisse","robots":{"index":"index","follow":"follow","max-snippet":"max-snippet:-1","max-image-preview":"max-image-preview:large","max-video-preview":"max-video-preview:-1"},"canonical":"https:\/\/silverfir.ch\/index.php\/skateboards-cruiser-70s\/","og_locale":"fr_FR","og_type":"article","og_title":"Skateboards Cruiser 70's |Silver Fir skateboards |Surf style Cruiser skate","og_description":"Skateboard look oldschool 70's avec deco flamme design et fabrication \u00e0 la main en suisse","og_url":"https:\/\/silverfir.ch\/index.php\/skateboards-cruiser-70s\/","og_site_name":"Silver Fir Skateboards. Tous droits r\u00e9serv\u00e9s.","article_modified_time":"2019-12-15T16:55:54+00:00","og_image":[{"url":"https:\/\/silverfir.ch\/wp-content\/uploads\/2017\/02\/skate-flamme-dessous-300x300.jpg","type":"","width":"","height":""}],"twitter_card":"summary_large_image","schema":{"@context":"https:\/\/schema.org","@graph":[{"@type":"WebPage","@id":"https:\/\/silverfir.ch\/index.php\/skateboards-cruiser-70s\/","url":"https:\/\/silverfir.ch\/index.php\/skateboards-cruiser-70s\/","name":"Skateboards Cruiser 70's |Silver Fir skateboards |Surf style Cruiser skate","isPartOf":{"@id":"https:\/\/silverfir.ch\/#website"},"primaryImageOfPage":{"@id":"https:\/\/silverfir.ch\/index.php\/skateboards-cruiser-70s\/#primaryimage"},"image":{"@id":"https:\/\/silverfir.ch\/index.php\/skateboards-cruiser-70s\/#primaryimage"},"thumbnailUrl":"https:\/\/silverfir.ch\/wp-content\/uploads\/2017\/02\/skate-flamme-dessous-300x300.jpg","datePublished":"2019-01-18T11:03:50+00:00","dateModified":"2019-12-15T16:55:54+00:00","description":"Skateboard look oldschool 70's avec deco flamme design et fabrication \u00e0 la main en suisse","breadcrumb":{"@id":"https:\/\/silverfir.ch\/index.php\/skateboards-cruiser-70s\/#breadcrumb"},"inLanguage":"fr-FR","potentialAction":[{"@type":"ReadAction","target":["https:\/\/silverfir.ch\/index.php\/skateboards-cruiser-70s\/"]}]},{"@type":"ImageObject","inLanguage":"fr-FR","@id":"https:\/\/silverfir.ch\/index.php\/skateboards-cruiser-70s\/#primaryimage","url":"https:\/\/silverfir.ch\/wp-content\/uploads\/2017\/02\/skate-flamme-dessous.jpg","contentUrl":"https:\/\/silverfir.ch\/wp-content\/uploads\/2017\/02\/skate-flamme-dessous.jpg","width":1000,"height":1000},{"@type":"BreadcrumbList","@id":"https:\/\/silverfir.ch\/index.php\/skateboards-cruiser-70s\/#breadcrumb","itemListElement":[{"@type":"ListItem","position":1,"name":"Accueil","item":"https:\/\/silverfir.ch\/"},{"@type":"ListItem","position":2,"name":"Skateboards Cruiser 70&rsquo;s"}]},{"@type":"WebSite","@id":"https:\/\/silverfir.ch\/#website","url":"https:\/\/silverfir.ch\/","name":"Silver Fir Skateboards. Tous droits r\u00e9serv\u00e9s.","description":"Swiss Homemade Surf Style Cruiser Skateboards","publisher":{"@id":"https:\/\/silverfir.ch\/#organization"},"potentialAction":[{"@type":"SearchAction","target":{"@type":"EntryPoint","urlTemplate":"https:\/\/silverfir.ch\/?s={search_term_string}"},"query-input":{"@type":"PropertyValueSpecification","valueRequired":true,"valueName":"search_term_string"}}],"inLanguage":"fr-FR"},{"@type":"Organization","@id":"https:\/\/silverfir.ch\/#organization","name":"Silverfire","url":"https:\/\/silverfir.ch\/","logo":{"@type":"ImageObject","inLanguage":"fr-FR","@id":"https:\/\/silverfir.ch\/#\/schema\/logo\/image\/","url":"https:\/\/silverfir.ch\/wp-content\/uploads\/2016\/12\/cropped-Logo-silver-fir-520X520.jpg","contentUrl":"https:\/\/silverfir.ch\/wp-content\/uploads\/2016\/12\/cropped-Logo-silver-fir-520X520.jpg","width":512,"height":512,"caption":"Silverfire"},"image":{"@id":"https:\/\/silverfir.ch\/#\/schema\/logo\/image\/"}}]}},"_links":{"self":[{"href":"https:\/\/silverfir.ch\/index.php\/wp-json\/wp\/v2\/pages\/763","targetHints":{"allow":["GET"]}}],"collection":[{"href":"https:\/\/silverfir.ch\/index.php\/wp-json\/wp\/v2\/pages"}],"about":[{"href":"https:\/\/silverfir.ch\/index.php\/wp-json\/wp\/v2\/types\/page"}],"author":[{"embeddable":true,"href":"https:\/\/silverfir.ch\/index.php\/wp-json\/wp\/v2\/users\/1"}],"replies":[{"embeddable":true,"href":"https:\/\/silverfir.ch\/index.php\/wp-json\/wp\/v2\/comments?post=763"}],"version-history":[{"count":7,"href":"https:\/\/silverfir.ch\/index.php\/wp-json\/wp\/v2\/pages\/763\/revisions"}],"predecessor-version":[{"id":855,"href":"https:\/\/silverfir.ch\/index.php\/wp-json\/wp\/v2\/pages\/763\/revisions\/855"}],"wp:attachment":[{"href":"https:\/\/silverfir.ch\/index.php\/wp-json\/wp\/v2\/media?parent=763"}],"curies":[{"name":"wp","href":"https:\/\/api.w.org\/{rel}","templated":true}]}}