{"id":728,"date":"2019-01-18T10:39:15","date_gmt":"2019-01-18T09:39:15","guid":{"rendered":"https:\/\/silverfir.ch\/?page_id=728"},"modified":"2024-03-16T18:11:58","modified_gmt":"2024-03-16T17:11:58","slug":"faq","status":"publish","type":"page","link":"https:\/\/silverfir.ch\/index.php\/faq\/","title":{"rendered":"Questions"},"content":{"rendered":"<p><img loading=\"lazy\" decoding=\"async\" class=\"size-thumbnail wp-image-796 aligncenter\" src=\"https:\/\/silverfir.ch\/wp-content\/uploads\/2019\/01\/interrogation-150x150.jpg\" alt=\"\" width=\"150\" height=\"150\" srcset=\"https:\/\/silverfir.ch\/wp-content\/uploads\/2019\/01\/interrogation-150x150.jpg 150w, https:\/\/silverfir.ch\/wp-content\/uploads\/2019\/01\/interrogation.jpg 300w\" sizes=\"auto, (max-width: 150px) 100vw, 150px\" \/><\/p>\n<p><strong>Vos planches sont-elle fabriqu\u00e9es enti\u00e8rement \u00e0 la main ?<\/strong><\/p>\n<p>Oui 100% homemade, la fabrication est artisanale, nous partons d&rsquo;une planche de bois massif qui est ensuite d\u00e9coup\u00e9e, ponc\u00e9e, d\u00e9cor\u00e9e \u00e0 la main au feutre posca ou \u00e0 la peinture acrylique, puis termin\u00e9e avec une couche de vernis de finition et de protection.<\/p>\n<p>Les planches en 7 plis d&rsquo;\u00e9rable sont coll\u00e9es par nos soins et nous fabriquons nos propres moules.<\/p>\n<p><strong>C&rsquo;est beaucoups de travail, pourquoi ne pas faire fabriquer cela \u00e0 la cha\u00eene en chine ou ailleurs, on peut trouver des planches moins ch\u00e8res ?<\/strong><\/p>\n<p>Oui en effet nous pourrions, mais Silver Fir Skateboards \u00e0 la volont\u00e9 d&rsquo;apporter \u00e0 sa client\u00e8le un produit unique, avec un design unique et de bonne qualit\u00e9. Chaque planche et d&rsquo;ailleurs num\u00e9rot\u00e9e avec la date du jour de sa naissance.<\/p>\n<p><strong>Mais vos prix ne sont-ils pas un peu cher ?<\/strong><\/p>\n<p>Ne trouvez-vous pas que 150 Frs pour un skate en plastique made in China\u00a0 au look moche et aux couleurs agressive et au roulement de mauvaise qualit\u00e9 ce n\u2019est pas cher pay\u00e9\u00a0?<\/p>\n<p>Mais mettre le prix pour un skateboard en joli bois enti\u00e8rement fabriqu\u00e9 \u00e0 la main au design exclusif et avec un style unique, nous pensons que c\u2019est une bonne affaire\u00a0! Et vous avez l\u00e0 un produit de qualit\u00e9 qui durera dans le temps.<\/p>\n<p><strong>Pourquoi fabriquer des planches old school\u00a0?<\/strong><\/p>\n<p>Nos skateboards cruiser sont con\u00e7us pour la balade, nous voulons transmettre le plaisir de glisser sans prises de t\u00eate, un moment de pur plaisir, un style de glisse diff\u00e9rent, le retour au l\u2019origine du skateboards pour revivre l\u2019extraordinaire \u00e9pop\u00e9e du skateboards des 60&rsquo;s et 70\u2019s.<\/p>\n<p>Nos planches sont excellentes pour le carving ou pour le simple plaisir de pouvoir se d\u00e9placer rapidement \u00e0 travers la ville.<\/p>\n<p><a href=\"https:\/\/silverfir.ch\/index.php\/accueil\/\"><img loading=\"lazy\" decoding=\"async\" class=\"size-full wp-image-307 aligncenter\" src=\"https:\/\/silverfir.ch\/wp-content\/uploads\/2016\/12\/Bouton-Back-2.jpg\" alt=\"\" width=\"51\" height=\"67\" \/><\/a><\/p>\n","protected":false},"excerpt":{"rendered":"<p>Vos planches sont-elle fabriqu\u00e9es enti\u00e8rement \u00e0 la main ? Oui 100% homemade, la fabrication est artisanale, nous partons d&rsquo;une planche de bois massif qui est ensuite d\u00e9coup\u00e9e, ponc\u00e9e, d\u00e9cor\u00e9e \u00e0 la main au feutre posca ou \u00e0 la peinture acrylique, puis termin\u00e9e avec une couche de vernis de finition et de protection. Les planches en&#8230;<\/p>\n","protected":false},"author":1,"featured_media":0,"parent":0,"menu_order":0,"comment_status":"closed","ping_status":"closed","template":"","meta":{"footnotes":""},"class_list":["post-728","page","type-page","status-publish","hentry"],"yoast_head":"<!-- This site is optimized with the Yoast SEO plugin v27.5 - https:\/\/yoast.com\/product\/yoast-seo-wordpress\/ -->\n<title>Questions| Silver Fir Skateboard | Swiss skateboards<\/title>\n<meta name=\"description\" content=\"Questions sur swiss skateboards, fabrication \u00e0 la main, silver fir skateboards, design uniques skateboards, balance board, homemade swiss sk8\" \/>\n<meta name=\"robots\" content=\"index, follow, max-snippet:-1, max-image-preview:large, max-video-preview:-1\" \/>\n<link rel=\"canonical\" href=\"https:\/\/silverfir.ch\/index.php\/faq\/\" \/>\n<meta property=\"og:locale\" content=\"fr_FR\" \/>\n<meta property=\"og:type\" content=\"article\" \/>\n<meta property=\"og:title\" content=\"Questions| Silver Fir Skateboard | Swiss skateboards\" \/>\n<meta property=\"og:description\" content=\"Questions sur swiss skateboards, fabrication \u00e0 la main, silver fir skateboards, design uniques skateboards, balance board, homemade swiss sk8\" \/>\n<meta property=\"og:url\" content=\"https:\/\/silverfir.ch\/index.php\/faq\/\" \/>\n<meta property=\"og:site_name\" content=\"Silver Fir Skateboards. Tous droits r\u00e9serv\u00e9s.\" \/>\n<meta property=\"article:modified_time\" content=\"2024-03-16T17:11:58+00:00\" \/>\n<meta property=\"og:image\" content=\"https:\/\/silverfir.ch\/wp-content\/uploads\/2019\/01\/interrogation-150x150.jpg\" \/>\n<meta name=\"twitter:card\" content=\"summary_large_image\" \/>\n<meta name=\"twitter:label1\" content=\"Dur\u00e9e de lecture estim\u00e9e\" \/>\n\t<meta name=\"twitter:data1\" content=\"2 minutes\" \/>\n<script type=\"application\/ld+json\" class=\"yoast-schema-graph\">{\"@context\":\"https:\\\/\\\/schema.org\",\"@graph\":[{\"@type\":\"WebPage\",\"@id\":\"https:\\\/\\\/silverfir.ch\\\/index.php\\\/faq\\\/\",\"url\":\"https:\\\/\\\/silverfir.ch\\\/index.php\\\/faq\\\/\",\"name\":\"Questions| Silver Fir Skateboard | Swiss skateboards\",\"isPartOf\":{\"@id\":\"https:\\\/\\\/silverfir.ch\\\/#website\"},\"primaryImageOfPage\":{\"@id\":\"https:\\\/\\\/silverfir.ch\\\/index.php\\\/faq\\\/#primaryimage\"},\"image\":{\"@id\":\"https:\\\/\\\/silverfir.ch\\\/index.php\\\/faq\\\/#primaryimage\"},\"thumbnailUrl\":\"https:\\\/\\\/silverfir.ch\\\/wp-content\\\/uploads\\\/2019\\\/01\\\/interrogation-150x150.jpg\",\"datePublished\":\"2019-01-18T09:39:15+00:00\",\"dateModified\":\"2024-03-16T17:11:58+00:00\",\"description\":\"Questions sur swiss skateboards, fabrication \u00e0 la main, silver fir skateboards, design uniques skateboards, balance board, homemade swiss sk8\",\"breadcrumb\":{\"@id\":\"https:\\\/\\\/silverfir.ch\\\/index.php\\\/faq\\\/#breadcrumb\"},\"inLanguage\":\"fr-FR\",\"potentialAction\":[{\"@type\":\"ReadAction\",\"target\":[\"https:\\\/\\\/silverfir.ch\\\/index.php\\\/faq\\\/\"]}]},{\"@type\":\"ImageObject\",\"inLanguage\":\"fr-FR\",\"@id\":\"https:\\\/\\\/silverfir.ch\\\/index.php\\\/faq\\\/#primaryimage\",\"url\":\"https:\\\/\\\/silverfir.ch\\\/wp-content\\\/uploads\\\/2019\\\/01\\\/interrogation.jpg\",\"contentUrl\":\"https:\\\/\\\/silverfir.ch\\\/wp-content\\\/uploads\\\/2019\\\/01\\\/interrogation.jpg\",\"width\":300,\"height\":300},{\"@type\":\"BreadcrumbList\",\"@id\":\"https:\\\/\\\/silverfir.ch\\\/index.php\\\/faq\\\/#breadcrumb\",\"itemListElement\":[{\"@type\":\"ListItem\",\"position\":1,\"name\":\"Accueil\",\"item\":\"https:\\\/\\\/silverfir.ch\\\/\"},{\"@type\":\"ListItem\",\"position\":2,\"name\":\"Questions\"}]},{\"@type\":\"WebSite\",\"@id\":\"https:\\\/\\\/silverfir.ch\\\/#website\",\"url\":\"https:\\\/\\\/silverfir.ch\\\/\",\"name\":\"Silver Fir Skateboards. Tous droits r\u00e9serv\u00e9s.\",\"description\":\"Swiss Homemade Surf Style Cruiser Skateboards\",\"publisher\":{\"@id\":\"https:\\\/\\\/silverfir.ch\\\/#organization\"},\"potentialAction\":[{\"@type\":\"SearchAction\",\"target\":{\"@type\":\"EntryPoint\",\"urlTemplate\":\"https:\\\/\\\/silverfir.ch\\\/?s={search_term_string}\"},\"query-input\":{\"@type\":\"PropertyValueSpecification\",\"valueRequired\":true,\"valueName\":\"search_term_string\"}}],\"inLanguage\":\"fr-FR\"},{\"@type\":\"Organization\",\"@id\":\"https:\\\/\\\/silverfir.ch\\\/#organization\",\"name\":\"Silverfire\",\"url\":\"https:\\\/\\\/silverfir.ch\\\/\",\"logo\":{\"@type\":\"ImageObject\",\"inLanguage\":\"fr-FR\",\"@id\":\"https:\\\/\\\/silverfir.ch\\\/#\\\/schema\\\/logo\\\/image\\\/\",\"url\":\"https:\\\/\\\/silverfir.ch\\\/wp-content\\\/uploads\\\/2016\\\/12\\\/cropped-Logo-silver-fir-520X520.jpg\",\"contentUrl\":\"https:\\\/\\\/silverfir.ch\\\/wp-content\\\/uploads\\\/2016\\\/12\\\/cropped-Logo-silver-fir-520X520.jpg\",\"width\":512,\"height\":512,\"caption\":\"Silverfire\"},\"image\":{\"@id\":\"https:\\\/\\\/silverfir.ch\\\/#\\\/schema\\\/logo\\\/image\\\/\"}}]}<\/script>\n<!-- \/ Yoast SEO plugin. -->","yoast_head_json":{"title":"Questions| Silver Fir Skateboard | Swiss skateboards","description":"Questions sur swiss skateboards, fabrication \u00e0 la main, silver fir skateboards, design uniques skateboards, balance board, homemade swiss sk8","robots":{"index":"index","follow":"follow","max-snippet":"max-snippet:-1","max-image-preview":"max-image-preview:large","max-video-preview":"max-video-preview:-1"},"canonical":"https:\/\/silverfir.ch\/index.php\/faq\/","og_locale":"fr_FR","og_type":"article","og_title":"Questions| Silver Fir Skateboard | Swiss skateboards","og_description":"Questions sur swiss skateboards, fabrication \u00e0 la main, silver fir skateboards, design uniques skateboards, balance board, homemade swiss sk8","og_url":"https:\/\/silverfir.ch\/index.php\/faq\/","og_site_name":"Silver Fir Skateboards. Tous droits r\u00e9serv\u00e9s.","article_modified_time":"2024-03-16T17:11:58+00:00","og_image":[{"url":"https:\/\/silverfir.ch\/wp-content\/uploads\/2019\/01\/interrogation-150x150.jpg","type":"","width":"","height":""}],"twitter_card":"summary_large_image","twitter_misc":{"Dur\u00e9e de lecture estim\u00e9e":"2 minutes"},"schema":{"@context":"https:\/\/schema.org","@graph":[{"@type":"WebPage","@id":"https:\/\/silverfir.ch\/index.php\/faq\/","url":"https:\/\/silverfir.ch\/index.php\/faq\/","name":"Questions| Silver Fir Skateboard | Swiss skateboards","isPartOf":{"@id":"https:\/\/silverfir.ch\/#website"},"primaryImageOfPage":{"@id":"https:\/\/silverfir.ch\/index.php\/faq\/#primaryimage"},"image":{"@id":"https:\/\/silverfir.ch\/index.php\/faq\/#primaryimage"},"thumbnailUrl":"https:\/\/silverfir.ch\/wp-content\/uploads\/2019\/01\/interrogation-150x150.jpg","datePublished":"2019-01-18T09:39:15+00:00","dateModified":"2024-03-16T17:11:58+00:00","description":"Questions sur swiss skateboards, fabrication \u00e0 la main, silver fir skateboards, design uniques skateboards, balance board, homemade swiss sk8","breadcrumb":{"@id":"https:\/\/silverfir.ch\/index.php\/faq\/#breadcrumb"},"inLanguage":"fr-FR","potentialAction":[{"@type":"ReadAction","target":["https:\/\/silverfir.ch\/index.php\/faq\/"]}]},{"@type":"ImageObject","inLanguage":"fr-FR","@id":"https:\/\/silverfir.ch\/index.php\/faq\/#primaryimage","url":"https:\/\/silverfir.ch\/wp-content\/uploads\/2019\/01\/interrogation.jpg","contentUrl":"https:\/\/silverfir.ch\/wp-content\/uploads\/2019\/01\/interrogation.jpg","width":300,"height":300},{"@type":"BreadcrumbList","@id":"https:\/\/silverfir.ch\/index.php\/faq\/#breadcrumb","itemListElement":[{"@type":"ListItem","position":1,"name":"Accueil","item":"https:\/\/silverfir.ch\/"},{"@type":"ListItem","position":2,"name":"Questions"}]},{"@type":"WebSite","@id":"https:\/\/silverfir.ch\/#website","url":"https:\/\/silverfir.ch\/","name":"Silver Fir Skateboards. Tous droits r\u00e9serv\u00e9s.","description":"Swiss Homemade Surf Style Cruiser Skateboards","publisher":{"@id":"https:\/\/silverfir.ch\/#organization"},"potentialAction":[{"@type":"SearchAction","target":{"@type":"EntryPoint","urlTemplate":"https:\/\/silverfir.ch\/?s={search_term_string}"},"query-input":{"@type":"PropertyValueSpecification","valueRequired":true,"valueName":"search_term_string"}}],"inLanguage":"fr-FR"},{"@type":"Organization","@id":"https:\/\/silverfir.ch\/#organization","name":"Silverfire","url":"https:\/\/silverfir.ch\/","logo":{"@type":"ImageObject","inLanguage":"fr-FR","@id":"https:\/\/silverfir.ch\/#\/schema\/logo\/image\/","url":"https:\/\/silverfir.ch\/wp-content\/uploads\/2016\/12\/cropped-Logo-silver-fir-520X520.jpg","contentUrl":"https:\/\/silverfir.ch\/wp-content\/uploads\/2016\/12\/cropped-Logo-silver-fir-520X520.jpg","width":512,"height":512,"caption":"Silverfire"},"image":{"@id":"https:\/\/silverfir.ch\/#\/schema\/logo\/image\/"}}]}},"_links":{"self":[{"href":"https:\/\/silverfir.ch\/index.php\/wp-json\/wp\/v2\/pages\/728","targetHints":{"allow":["GET"]}}],"collection":[{"href":"https:\/\/silverfir.ch\/index.php\/wp-json\/wp\/v2\/pages"}],"about":[{"href":"https:\/\/silverfir.ch\/index.php\/wp-json\/wp\/v2\/types\/page"}],"author":[{"embeddable":true,"href":"https:\/\/silverfir.ch\/index.php\/wp-json\/wp\/v2\/users\/1"}],"replies":[{"embeddable":true,"href":"https:\/\/silverfir.ch\/index.php\/wp-json\/wp\/v2\/comments?post=728"}],"version-history":[{"count":18,"href":"https:\/\/silverfir.ch\/index.php\/wp-json\/wp\/v2\/pages\/728\/revisions"}],"predecessor-version":[{"id":1181,"href":"https:\/\/silverfir.ch\/index.php\/wp-json\/wp\/v2\/pages\/728\/revisions\/1181"}],"wp:attachment":[{"href":"https:\/\/silverfir.ch\/index.php\/wp-json\/wp\/v2\/media?parent=728"}],"curies":[{"name":"wp","href":"https:\/\/api.w.org\/{rel}","templated":true}]}}