{"id":678,"date":"2017-02-08T11:17:50","date_gmt":"2017-02-08T10:17:50","guid":{"rendered":"https:\/\/silverfir.ch\/?page_id=678"},"modified":"2024-05-21T19:00:57","modified_gmt":"2024-05-21T17:00:57","slug":"homemade-surf-style-cruiser-skateboards","status":"publish","type":"page","link":"https:\/\/silverfir.ch\/index.php\/homemade-surf-style-cruiser-skateboards\/","title":{"rendered":"Homemade Surf Style Cruiser Skateboards"},"content":{"rendered":"<p style=\"text-align: center;\"><img loading=\"lazy\" decoding=\"async\" class=\"alignnone size-large wp-image-405\" src=\"https:\/\/silverfir.ch\/wp-content\/uploads\/2016\/12\/en-t\u00eate-surfer-cailloux-700x202.jpg\" alt=\"\" width=\"700\" height=\"202\" srcset=\"https:\/\/silverfir.ch\/wp-content\/uploads\/2016\/12\/en-t\u00eate-surfer-cailloux-700x202.jpg 700w, https:\/\/silverfir.ch\/wp-content\/uploads\/2016\/12\/en-t\u00eate-surfer-cailloux-300x86.jpg 300w, https:\/\/silverfir.ch\/wp-content\/uploads\/2016\/12\/en-t\u00eate-surfer-cailloux-768x221.jpg 768w, https:\/\/silverfir.ch\/wp-content\/uploads\/2016\/12\/en-t\u00eate-surfer-cailloux-800x230.jpg 800w, https:\/\/silverfir.ch\/wp-content\/uploads\/2016\/12\/en-t\u00eate-surfer-cailloux.jpg 1250w\" sizes=\"auto, (max-width: 700px) 100vw, 700px\" \/><\/p>\n<h6 style=\"text-align: center;\"><\/h6>\n<h4 style=\"text-align: center;\">Swiss Handmade Skateboard fabriqu\u00e9 en bois massif au look retro et \u00e0 la d\u00e9coration unique !<\/h4>\n<p style=\"text-align: center;\"><a href=\"https:\/\/silverfir.ch\/index.php\/accueil\/\"><img loading=\"lazy\" decoding=\"async\" class=\"alignnone size-full wp-image-307\" src=\"https:\/\/silverfir.ch\/wp-content\/uploads\/2016\/12\/Bouton-Back-2.jpg\" alt=\"\" width=\"51\" height=\"67\" \/><\/a><\/p>\n","protected":false},"excerpt":{"rendered":"<p>Swiss Handmade Skateboard fabriqu\u00e9 en bois massif au look retro et \u00e0 la d\u00e9coration unique !<\/p>\n","protected":false},"author":1,"featured_media":0,"parent":0,"menu_order":0,"comment_status":"closed","ping_status":"closed","template":"","meta":{"footnotes":""},"class_list":["post-678","page","type-page","status-publish","hentry"],"yoast_head":"<!-- This site is optimized with the Yoast SEO plugin v27.5 - https:\/\/yoast.com\/product\/yoast-seo-wordpress\/ -->\n<title>Handmade skateboards | Swiss made | Silver Fir skateboards<\/title>\n<meta name=\"description\" content=\"Skateboards en bois massif ou 7 plis d&#039;\u00e9rable fabriqu\u00e9 et d\u00e9cor\u00e9 \u00e0 la main, design suisse\" \/>\n<meta name=\"robots\" content=\"index, follow, max-snippet:-1, max-image-preview:large, max-video-preview:-1\" \/>\n<link rel=\"canonical\" href=\"https:\/\/silverfir.ch\/index.php\/homemade-surf-style-cruiser-skateboards\/\" \/>\n<meta property=\"og:locale\" content=\"fr_FR\" \/>\n<meta property=\"og:type\" content=\"article\" \/>\n<meta property=\"og:title\" content=\"Handmade skateboards | Swiss made | Silver Fir skateboards\" \/>\n<meta property=\"og:description\" content=\"Skateboards en bois massif ou 7 plis d&#039;\u00e9rable fabriqu\u00e9 et d\u00e9cor\u00e9 \u00e0 la main, design suisse\" \/>\n<meta property=\"og:url\" content=\"https:\/\/silverfir.ch\/index.php\/homemade-surf-style-cruiser-skateboards\/\" \/>\n<meta property=\"og:site_name\" content=\"Silver Fir Skateboards. Tous droits r\u00e9serv\u00e9s.\" \/>\n<meta property=\"article:modified_time\" content=\"2024-05-21T17:00:57+00:00\" \/>\n<meta property=\"og:image\" content=\"https:\/\/silverfir.ch\/wp-content\/uploads\/2016\/12\/Bouton-Back-2.jpg\" \/>\n<meta name=\"twitter:card\" content=\"summary_large_image\" \/>\n<meta name=\"twitter:label1\" content=\"Dur\u00e9e de lecture estim\u00e9e\" \/>\n\t<meta name=\"twitter:data1\" content=\"1 minute\" \/>\n<script type=\"application\/ld+json\" class=\"yoast-schema-graph\">{\"@context\":\"https:\\\/\\\/schema.org\",\"@graph\":[{\"@type\":\"WebPage\",\"@id\":\"https:\\\/\\\/silverfir.ch\\\/index.php\\\/homemade-surf-style-cruiser-skateboards\\\/\",\"url\":\"https:\\\/\\\/silverfir.ch\\\/index.php\\\/homemade-surf-style-cruiser-skateboards\\\/\",\"name\":\"Handmade skateboards | Swiss made | Silver Fir skateboards\",\"isPartOf\":{\"@id\":\"https:\\\/\\\/silverfir.ch\\\/#website\"},\"primaryImageOfPage\":{\"@id\":\"https:\\\/\\\/silverfir.ch\\\/index.php\\\/homemade-surf-style-cruiser-skateboards\\\/#primaryimage\"},\"image\":{\"@id\":\"https:\\\/\\\/silverfir.ch\\\/index.php\\\/homemade-surf-style-cruiser-skateboards\\\/#primaryimage\"},\"thumbnailUrl\":\"https:\\\/\\\/silverfir.ch\\\/wp-content\\\/uploads\\\/2016\\\/12\\\/Bouton-Back-2.jpg\",\"datePublished\":\"2017-02-08T10:17:50+00:00\",\"dateModified\":\"2024-05-21T17:00:57+00:00\",\"description\":\"Skateboards en bois massif ou 7 plis d'\u00e9rable fabriqu\u00e9 et d\u00e9cor\u00e9 \u00e0 la main, design suisse\",\"breadcrumb\":{\"@id\":\"https:\\\/\\\/silverfir.ch\\\/index.php\\\/homemade-surf-style-cruiser-skateboards\\\/#breadcrumb\"},\"inLanguage\":\"fr-FR\",\"potentialAction\":[{\"@type\":\"ReadAction\",\"target\":[\"https:\\\/\\\/silverfir.ch\\\/index.php\\\/homemade-surf-style-cruiser-skateboards\\\/\"]}]},{\"@type\":\"ImageObject\",\"inLanguage\":\"fr-FR\",\"@id\":\"https:\\\/\\\/silverfir.ch\\\/index.php\\\/homemade-surf-style-cruiser-skateboards\\\/#primaryimage\",\"url\":\"https:\\\/\\\/silverfir.ch\\\/wp-content\\\/uploads\\\/2016\\\/12\\\/Bouton-Back-2.jpg\",\"contentUrl\":\"https:\\\/\\\/silverfir.ch\\\/wp-content\\\/uploads\\\/2016\\\/12\\\/Bouton-Back-2.jpg\",\"width\":51,\"height\":67},{\"@type\":\"BreadcrumbList\",\"@id\":\"https:\\\/\\\/silverfir.ch\\\/index.php\\\/homemade-surf-style-cruiser-skateboards\\\/#breadcrumb\",\"itemListElement\":[{\"@type\":\"ListItem\",\"position\":1,\"name\":\"Accueil\",\"item\":\"https:\\\/\\\/silverfir.ch\\\/\"},{\"@type\":\"ListItem\",\"position\":2,\"name\":\"Homemade Surf Style Cruiser Skateboards\"}]},{\"@type\":\"WebSite\",\"@id\":\"https:\\\/\\\/silverfir.ch\\\/#website\",\"url\":\"https:\\\/\\\/silverfir.ch\\\/\",\"name\":\"Silver Fir Skateboards. Tous droits r\u00e9serv\u00e9s.\",\"description\":\"Swiss Homemade Surf Style Cruiser Skateboards\",\"publisher\":{\"@id\":\"https:\\\/\\\/silverfir.ch\\\/#organization\"},\"potentialAction\":[{\"@type\":\"SearchAction\",\"target\":{\"@type\":\"EntryPoint\",\"urlTemplate\":\"https:\\\/\\\/silverfir.ch\\\/?s={search_term_string}\"},\"query-input\":{\"@type\":\"PropertyValueSpecification\",\"valueRequired\":true,\"valueName\":\"search_term_string\"}}],\"inLanguage\":\"fr-FR\"},{\"@type\":\"Organization\",\"@id\":\"https:\\\/\\\/silverfir.ch\\\/#organization\",\"name\":\"Silverfire\",\"url\":\"https:\\\/\\\/silverfir.ch\\\/\",\"logo\":{\"@type\":\"ImageObject\",\"inLanguage\":\"fr-FR\",\"@id\":\"https:\\\/\\\/silverfir.ch\\\/#\\\/schema\\\/logo\\\/image\\\/\",\"url\":\"https:\\\/\\\/silverfir.ch\\\/wp-content\\\/uploads\\\/2016\\\/12\\\/cropped-Logo-silver-fir-520X520.jpg\",\"contentUrl\":\"https:\\\/\\\/silverfir.ch\\\/wp-content\\\/uploads\\\/2016\\\/12\\\/cropped-Logo-silver-fir-520X520.jpg\",\"width\":512,\"height\":512,\"caption\":\"Silverfire\"},\"image\":{\"@id\":\"https:\\\/\\\/silverfir.ch\\\/#\\\/schema\\\/logo\\\/image\\\/\"}}]}<\/script>\n<!-- \/ Yoast SEO plugin. -->","yoast_head_json":{"title":"Handmade skateboards | Swiss made | Silver Fir skateboards","description":"Skateboards en bois massif ou 7 plis d'\u00e9rable fabriqu\u00e9 et d\u00e9cor\u00e9 \u00e0 la main, design suisse","robots":{"index":"index","follow":"follow","max-snippet":"max-snippet:-1","max-image-preview":"max-image-preview:large","max-video-preview":"max-video-preview:-1"},"canonical":"https:\/\/silverfir.ch\/index.php\/homemade-surf-style-cruiser-skateboards\/","og_locale":"fr_FR","og_type":"article","og_title":"Handmade skateboards | Swiss made | Silver Fir skateboards","og_description":"Skateboards en bois massif ou 7 plis d'\u00e9rable fabriqu\u00e9 et d\u00e9cor\u00e9 \u00e0 la main, design suisse","og_url":"https:\/\/silverfir.ch\/index.php\/homemade-surf-style-cruiser-skateboards\/","og_site_name":"Silver Fir Skateboards. Tous droits r\u00e9serv\u00e9s.","article_modified_time":"2024-05-21T17:00:57+00:00","og_image":[{"url":"https:\/\/silverfir.ch\/wp-content\/uploads\/2016\/12\/Bouton-Back-2.jpg","type":"","width":"","height":""}],"twitter_card":"summary_large_image","twitter_misc":{"Dur\u00e9e de lecture estim\u00e9e":"1 minute"},"schema":{"@context":"https:\/\/schema.org","@graph":[{"@type":"WebPage","@id":"https:\/\/silverfir.ch\/index.php\/homemade-surf-style-cruiser-skateboards\/","url":"https:\/\/silverfir.ch\/index.php\/homemade-surf-style-cruiser-skateboards\/","name":"Handmade skateboards | Swiss made | Silver Fir skateboards","isPartOf":{"@id":"https:\/\/silverfir.ch\/#website"},"primaryImageOfPage":{"@id":"https:\/\/silverfir.ch\/index.php\/homemade-surf-style-cruiser-skateboards\/#primaryimage"},"image":{"@id":"https:\/\/silverfir.ch\/index.php\/homemade-surf-style-cruiser-skateboards\/#primaryimage"},"thumbnailUrl":"https:\/\/silverfir.ch\/wp-content\/uploads\/2016\/12\/Bouton-Back-2.jpg","datePublished":"2017-02-08T10:17:50+00:00","dateModified":"2024-05-21T17:00:57+00:00","description":"Skateboards en bois massif ou 7 plis d'\u00e9rable fabriqu\u00e9 et d\u00e9cor\u00e9 \u00e0 la main, design suisse","breadcrumb":{"@id":"https:\/\/silverfir.ch\/index.php\/homemade-surf-style-cruiser-skateboards\/#breadcrumb"},"inLanguage":"fr-FR","potentialAction":[{"@type":"ReadAction","target":["https:\/\/silverfir.ch\/index.php\/homemade-surf-style-cruiser-skateboards\/"]}]},{"@type":"ImageObject","inLanguage":"fr-FR","@id":"https:\/\/silverfir.ch\/index.php\/homemade-surf-style-cruiser-skateboards\/#primaryimage","url":"https:\/\/silverfir.ch\/wp-content\/uploads\/2016\/12\/Bouton-Back-2.jpg","contentUrl":"https:\/\/silverfir.ch\/wp-content\/uploads\/2016\/12\/Bouton-Back-2.jpg","width":51,"height":67},{"@type":"BreadcrumbList","@id":"https:\/\/silverfir.ch\/index.php\/homemade-surf-style-cruiser-skateboards\/#breadcrumb","itemListElement":[{"@type":"ListItem","position":1,"name":"Accueil","item":"https:\/\/silverfir.ch\/"},{"@type":"ListItem","position":2,"name":"Homemade Surf Style Cruiser Skateboards"}]},{"@type":"WebSite","@id":"https:\/\/silverfir.ch\/#website","url":"https:\/\/silverfir.ch\/","name":"Silver Fir Skateboards. Tous droits r\u00e9serv\u00e9s.","description":"Swiss Homemade Surf Style Cruiser Skateboards","publisher":{"@id":"https:\/\/silverfir.ch\/#organization"},"potentialAction":[{"@type":"SearchAction","target":{"@type":"EntryPoint","urlTemplate":"https:\/\/silverfir.ch\/?s={search_term_string}"},"query-input":{"@type":"PropertyValueSpecification","valueRequired":true,"valueName":"search_term_string"}}],"inLanguage":"fr-FR"},{"@type":"Organization","@id":"https:\/\/silverfir.ch\/#organization","name":"Silverfire","url":"https:\/\/silverfir.ch\/","logo":{"@type":"ImageObject","inLanguage":"fr-FR","@id":"https:\/\/silverfir.ch\/#\/schema\/logo\/image\/","url":"https:\/\/silverfir.ch\/wp-content\/uploads\/2016\/12\/cropped-Logo-silver-fir-520X520.jpg","contentUrl":"https:\/\/silverfir.ch\/wp-content\/uploads\/2016\/12\/cropped-Logo-silver-fir-520X520.jpg","width":512,"height":512,"caption":"Silverfire"},"image":{"@id":"https:\/\/silverfir.ch\/#\/schema\/logo\/image\/"}}]}},"_links":{"self":[{"href":"https:\/\/silverfir.ch\/index.php\/wp-json\/wp\/v2\/pages\/678","targetHints":{"allow":["GET"]}}],"collection":[{"href":"https:\/\/silverfir.ch\/index.php\/wp-json\/wp\/v2\/pages"}],"about":[{"href":"https:\/\/silverfir.ch\/index.php\/wp-json\/wp\/v2\/types\/page"}],"author":[{"embeddable":true,"href":"https:\/\/silverfir.ch\/index.php\/wp-json\/wp\/v2\/users\/1"}],"replies":[{"embeddable":true,"href":"https:\/\/silverfir.ch\/index.php\/wp-json\/wp\/v2\/comments?post=678"}],"version-history":[{"count":15,"href":"https:\/\/silverfir.ch\/index.php\/wp-json\/wp\/v2\/pages\/678\/revisions"}],"predecessor-version":[{"id":1223,"href":"https:\/\/silverfir.ch\/index.php\/wp-json\/wp\/v2\/pages\/678\/revisions\/1223"}],"wp:attachment":[{"href":"https:\/\/silverfir.ch\/index.php\/wp-json\/wp\/v2\/media?parent=678"}],"curies":[{"name":"wp","href":"https:\/\/api.w.org\/{rel}","templated":true}]}}