{"id":503,"date":"2017-01-24T11:51:16","date_gmt":"2017-01-24T10:51:16","guid":{"rendered":"https:\/\/silverfir.ch\/?page_id=503"},"modified":"2024-03-16T18:03:24","modified_gmt":"2024-03-16T17:03:24","slug":"la-passion-des-sports-de-glisse","status":"publish","type":"page","link":"https:\/\/silverfir.ch\/index.php\/la-passion-des-sports-de-glisse\/","title":{"rendered":"La passion des sports de glisse"},"content":{"rendered":"<h4 style=\"text-align: center;\">Passionn\u00e9e par les sports de glisse, j&rsquo;ai voulu transmettre cette passion en cr\u00e9ant des skates cruiser et ainsi pouvoir rider \u00e9t\u00e9 comme hiver.<\/h4>\n<p style=\"text-align: center;\"><img loading=\"lazy\" decoding=\"async\" class=\"alignnone wp-image-488 size-thumbnail\" src=\"https:\/\/silverfir.ch\/wp-content\/uploads\/2017\/01\/AB4K1918-150x150.jpg\" alt=\"\" width=\"150\" height=\"150\" srcset=\"https:\/\/silverfir.ch\/wp-content\/uploads\/2017\/01\/AB4K1918-150x150.jpg 150w, https:\/\/silverfir.ch\/wp-content\/uploads\/2017\/01\/AB4K1918-300x300.jpg 300w, https:\/\/silverfir.ch\/wp-content\/uploads\/2017\/01\/AB4K1918.jpg 700w\" sizes=\"auto, (max-width: 150px) 100vw, 150px\" \/> <img loading=\"lazy\" decoding=\"async\" class=\"alignnone wp-image-1172 size-thumbnail\" src=\"https:\/\/silverfir.ch\/wp-content\/uploads\/2024\/03\/IMG_20230906_162704_812-150x150.jpg\" alt=\"\" width=\"150\" height=\"150\" srcset=\"https:\/\/silverfir.ch\/wp-content\/uploads\/2024\/03\/IMG_20230906_162704_812-150x150.jpg 150w, https:\/\/silverfir.ch\/wp-content\/uploads\/2024\/03\/IMG_20230906_162704_812-300x300.jpg 300w, https:\/\/silverfir.ch\/wp-content\/uploads\/2024\/03\/IMG_20230906_162704_812-700x700.jpg 700w, https:\/\/silverfir.ch\/wp-content\/uploads\/2024\/03\/IMG_20230906_162704_812-768x768.jpg 768w, https:\/\/silverfir.ch\/wp-content\/uploads\/2024\/03\/IMG_20230906_162704_812-800x800.jpg 800w, https:\/\/silverfir.ch\/wp-content\/uploads\/2024\/03\/IMG_20230906_162704_812-600x600.jpg 600w, https:\/\/silverfir.ch\/wp-content\/uploads\/2024\/03\/IMG_20230906_162704_812-100x100.jpg 100w, https:\/\/silverfir.ch\/wp-content\/uploads\/2024\/03\/IMG_20230906_162704_812.jpg 1000w\" sizes=\"auto, (max-width: 150px) 100vw, 150px\" \/> <img loading=\"lazy\" decoding=\"async\" class=\"alignnone wp-image-492 size-thumbnail\" src=\"https:\/\/silverfir.ch\/wp-content\/uploads\/2017\/01\/AB4K0679-150x150.jpg\" alt=\"\" width=\"150\" height=\"150\" srcset=\"https:\/\/silverfir.ch\/wp-content\/uploads\/2017\/01\/AB4K0679-150x150.jpg 150w, https:\/\/silverfir.ch\/wp-content\/uploads\/2017\/01\/AB4K0679-300x300.jpg 300w, https:\/\/silverfir.ch\/wp-content\/uploads\/2017\/01\/AB4K0679.jpg 700w\" sizes=\"auto, (max-width: 150px) 100vw, 150px\" \/> <img loading=\"lazy\" decoding=\"async\" class=\"alignnone size-thumbnail wp-image-495\" src=\"https:\/\/silverfir.ch\/wp-content\/uploads\/2017\/01\/AB4K2287_CR2_embedded-150x150.jpg\" alt=\"\" width=\"150\" height=\"150\" srcset=\"https:\/\/silverfir.ch\/wp-content\/uploads\/2017\/01\/AB4K2287_CR2_embedded-150x150.jpg 150w, https:\/\/silverfir.ch\/wp-content\/uploads\/2017\/01\/AB4K2287_CR2_embedded-300x300.jpg 300w, https:\/\/silverfir.ch\/wp-content\/uploads\/2017\/01\/AB4K2287_CR2_embedded.jpg 700w\" sizes=\"auto, (max-width: 150px) 100vw, 150px\" \/><\/p>\n<p style=\"text-align: center;\"><a href=\"https:\/\/silverfir.ch\/index.php\/style\/\"><img loading=\"lazy\" decoding=\"async\" class=\"alignnone size-full wp-image-248\" src=\"https:\/\/silverfir.ch\/wp-content\/uploads\/2016\/12\/Bouton-Next-2.jpg\" alt=\"\" width=\"49\" height=\"66\" \/><\/a><\/p>\n","protected":false},"excerpt":{"rendered":"<p>Passionn\u00e9e par les sports de glisse, j&rsquo;ai voulu transmettre cette passion en cr\u00e9ant des skates cruiser et ainsi pouvoir rider \u00e9t\u00e9 comme hiver.<\/p>\n","protected":false},"author":1,"featured_media":0,"parent":0,"menu_order":0,"comment_status":"closed","ping_status":"closed","template":"","meta":{"footnotes":""},"class_list":["post-503","page","type-page","status-publish","hentry"],"yoast_head":"<!-- This site is optimized with the Yoast SEO plugin v27.5 - https:\/\/yoast.com\/product\/yoast-seo-wordpress\/ -->\n<title>Sport de glisse | Suisse skateboards fait main | Fabrication artisanale |<\/title>\n<meta name=\"description\" content=\"Passionn\u00e9e par les sports de glisse j&#039;ai voulu cr\u00e9er des skateboards au look unique et enti\u00e8rement fait main\" \/>\n<meta name=\"robots\" content=\"index, follow, max-snippet:-1, max-image-preview:large, max-video-preview:-1\" \/>\n<link rel=\"canonical\" href=\"https:\/\/silverfir.ch\/index.php\/la-passion-des-sports-de-glisse\/\" \/>\n<meta property=\"og:locale\" content=\"fr_FR\" \/>\n<meta property=\"og:type\" content=\"article\" \/>\n<meta property=\"og:title\" content=\"Sport de glisse | Suisse skateboards fait main | Fabrication artisanale |\" \/>\n<meta property=\"og:description\" content=\"Passionn\u00e9e par les sports de glisse j&#039;ai voulu cr\u00e9er des skateboards au look unique et enti\u00e8rement fait main\" \/>\n<meta property=\"og:url\" content=\"https:\/\/silverfir.ch\/index.php\/la-passion-des-sports-de-glisse\/\" \/>\n<meta property=\"og:site_name\" content=\"Silver Fir Skateboards. Tous droits r\u00e9serv\u00e9s.\" \/>\n<meta property=\"article:modified_time\" content=\"2024-03-16T17:03:24+00:00\" \/>\n<meta property=\"og:image\" content=\"https:\/\/silverfir.ch\/wp-content\/uploads\/2017\/01\/AB4K1918-150x150.jpg\" \/>\n<meta name=\"twitter:card\" content=\"summary_large_image\" \/>\n<meta name=\"twitter:label1\" content=\"Dur\u00e9e de lecture estim\u00e9e\" \/>\n\t<meta name=\"twitter:data1\" content=\"2 minutes\" \/>\n<script type=\"application\/ld+json\" class=\"yoast-schema-graph\">{\"@context\":\"https:\\\/\\\/schema.org\",\"@graph\":[{\"@type\":\"WebPage\",\"@id\":\"https:\\\/\\\/silverfir.ch\\\/index.php\\\/la-passion-des-sports-de-glisse\\\/\",\"url\":\"https:\\\/\\\/silverfir.ch\\\/index.php\\\/la-passion-des-sports-de-glisse\\\/\",\"name\":\"Sport de glisse | Suisse skateboards fait main | Fabrication artisanale |\",\"isPartOf\":{\"@id\":\"https:\\\/\\\/silverfir.ch\\\/#website\"},\"primaryImageOfPage\":{\"@id\":\"https:\\\/\\\/silverfir.ch\\\/index.php\\\/la-passion-des-sports-de-glisse\\\/#primaryimage\"},\"image\":{\"@id\":\"https:\\\/\\\/silverfir.ch\\\/index.php\\\/la-passion-des-sports-de-glisse\\\/#primaryimage\"},\"thumbnailUrl\":\"https:\\\/\\\/silverfir.ch\\\/wp-content\\\/uploads\\\/2017\\\/01\\\/AB4K1918-150x150.jpg\",\"datePublished\":\"2017-01-24T10:51:16+00:00\",\"dateModified\":\"2024-03-16T17:03:24+00:00\",\"description\":\"Passionn\u00e9e par les sports de glisse j'ai voulu cr\u00e9er des skateboards au look unique et enti\u00e8rement fait main\",\"breadcrumb\":{\"@id\":\"https:\\\/\\\/silverfir.ch\\\/index.php\\\/la-passion-des-sports-de-glisse\\\/#breadcrumb\"},\"inLanguage\":\"fr-FR\",\"potentialAction\":[{\"@type\":\"ReadAction\",\"target\":[\"https:\\\/\\\/silverfir.ch\\\/index.php\\\/la-passion-des-sports-de-glisse\\\/\"]}]},{\"@type\":\"ImageObject\",\"inLanguage\":\"fr-FR\",\"@id\":\"https:\\\/\\\/silverfir.ch\\\/index.php\\\/la-passion-des-sports-de-glisse\\\/#primaryimage\",\"url\":\"https:\\\/\\\/silverfir.ch\\\/wp-content\\\/uploads\\\/2017\\\/01\\\/AB4K1918.jpg\",\"contentUrl\":\"https:\\\/\\\/silverfir.ch\\\/wp-content\\\/uploads\\\/2017\\\/01\\\/AB4K1918.jpg\",\"width\":700,\"height\":700},{\"@type\":\"BreadcrumbList\",\"@id\":\"https:\\\/\\\/silverfir.ch\\\/index.php\\\/la-passion-des-sports-de-glisse\\\/#breadcrumb\",\"itemListElement\":[{\"@type\":\"ListItem\",\"position\":1,\"name\":\"Accueil\",\"item\":\"https:\\\/\\\/silverfir.ch\\\/\"},{\"@type\":\"ListItem\",\"position\":2,\"name\":\"La passion des sports de glisse\"}]},{\"@type\":\"WebSite\",\"@id\":\"https:\\\/\\\/silverfir.ch\\\/#website\",\"url\":\"https:\\\/\\\/silverfir.ch\\\/\",\"name\":\"Silver Fir Skateboards. Tous droits r\u00e9serv\u00e9s.\",\"description\":\"Swiss Homemade Surf Style Cruiser Skateboards\",\"publisher\":{\"@id\":\"https:\\\/\\\/silverfir.ch\\\/#organization\"},\"potentialAction\":[{\"@type\":\"SearchAction\",\"target\":{\"@type\":\"EntryPoint\",\"urlTemplate\":\"https:\\\/\\\/silverfir.ch\\\/?s={search_term_string}\"},\"query-input\":{\"@type\":\"PropertyValueSpecification\",\"valueRequired\":true,\"valueName\":\"search_term_string\"}}],\"inLanguage\":\"fr-FR\"},{\"@type\":\"Organization\",\"@id\":\"https:\\\/\\\/silverfir.ch\\\/#organization\",\"name\":\"Silverfire\",\"url\":\"https:\\\/\\\/silverfir.ch\\\/\",\"logo\":{\"@type\":\"ImageObject\",\"inLanguage\":\"fr-FR\",\"@id\":\"https:\\\/\\\/silverfir.ch\\\/#\\\/schema\\\/logo\\\/image\\\/\",\"url\":\"https:\\\/\\\/silverfir.ch\\\/wp-content\\\/uploads\\\/2016\\\/12\\\/cropped-Logo-silver-fir-520X520.jpg\",\"contentUrl\":\"https:\\\/\\\/silverfir.ch\\\/wp-content\\\/uploads\\\/2016\\\/12\\\/cropped-Logo-silver-fir-520X520.jpg\",\"width\":512,\"height\":512,\"caption\":\"Silverfire\"},\"image\":{\"@id\":\"https:\\\/\\\/silverfir.ch\\\/#\\\/schema\\\/logo\\\/image\\\/\"}}]}<\/script>\n<!-- \/ Yoast SEO plugin. -->","yoast_head_json":{"title":"Sport de glisse | Suisse skateboards fait main | Fabrication artisanale |","description":"Passionn\u00e9e par les sports de glisse j'ai voulu cr\u00e9er des skateboards au look unique et enti\u00e8rement fait main","robots":{"index":"index","follow":"follow","max-snippet":"max-snippet:-1","max-image-preview":"max-image-preview:large","max-video-preview":"max-video-preview:-1"},"canonical":"https:\/\/silverfir.ch\/index.php\/la-passion-des-sports-de-glisse\/","og_locale":"fr_FR","og_type":"article","og_title":"Sport de glisse | Suisse skateboards fait main | Fabrication artisanale |","og_description":"Passionn\u00e9e par les sports de glisse j'ai voulu cr\u00e9er des skateboards au look unique et enti\u00e8rement fait main","og_url":"https:\/\/silverfir.ch\/index.php\/la-passion-des-sports-de-glisse\/","og_site_name":"Silver Fir Skateboards. Tous droits r\u00e9serv\u00e9s.","article_modified_time":"2024-03-16T17:03:24+00:00","og_image":[{"url":"https:\/\/silverfir.ch\/wp-content\/uploads\/2017\/01\/AB4K1918-150x150.jpg","type":"","width":"","height":""}],"twitter_card":"summary_large_image","twitter_misc":{"Dur\u00e9e de lecture estim\u00e9e":"2 minutes"},"schema":{"@context":"https:\/\/schema.org","@graph":[{"@type":"WebPage","@id":"https:\/\/silverfir.ch\/index.php\/la-passion-des-sports-de-glisse\/","url":"https:\/\/silverfir.ch\/index.php\/la-passion-des-sports-de-glisse\/","name":"Sport de glisse | Suisse skateboards fait main | Fabrication artisanale |","isPartOf":{"@id":"https:\/\/silverfir.ch\/#website"},"primaryImageOfPage":{"@id":"https:\/\/silverfir.ch\/index.php\/la-passion-des-sports-de-glisse\/#primaryimage"},"image":{"@id":"https:\/\/silverfir.ch\/index.php\/la-passion-des-sports-de-glisse\/#primaryimage"},"thumbnailUrl":"https:\/\/silverfir.ch\/wp-content\/uploads\/2017\/01\/AB4K1918-150x150.jpg","datePublished":"2017-01-24T10:51:16+00:00","dateModified":"2024-03-16T17:03:24+00:00","description":"Passionn\u00e9e par les sports de glisse j'ai voulu cr\u00e9er des skateboards au look unique et enti\u00e8rement fait main","breadcrumb":{"@id":"https:\/\/silverfir.ch\/index.php\/la-passion-des-sports-de-glisse\/#breadcrumb"},"inLanguage":"fr-FR","potentialAction":[{"@type":"ReadAction","target":["https:\/\/silverfir.ch\/index.php\/la-passion-des-sports-de-glisse\/"]}]},{"@type":"ImageObject","inLanguage":"fr-FR","@id":"https:\/\/silverfir.ch\/index.php\/la-passion-des-sports-de-glisse\/#primaryimage","url":"https:\/\/silverfir.ch\/wp-content\/uploads\/2017\/01\/AB4K1918.jpg","contentUrl":"https:\/\/silverfir.ch\/wp-content\/uploads\/2017\/01\/AB4K1918.jpg","width":700,"height":700},{"@type":"BreadcrumbList","@id":"https:\/\/silverfir.ch\/index.php\/la-passion-des-sports-de-glisse\/#breadcrumb","itemListElement":[{"@type":"ListItem","position":1,"name":"Accueil","item":"https:\/\/silverfir.ch\/"},{"@type":"ListItem","position":2,"name":"La passion des sports de glisse"}]},{"@type":"WebSite","@id":"https:\/\/silverfir.ch\/#website","url":"https:\/\/silverfir.ch\/","name":"Silver Fir Skateboards. Tous droits r\u00e9serv\u00e9s.","description":"Swiss Homemade Surf Style Cruiser Skateboards","publisher":{"@id":"https:\/\/silverfir.ch\/#organization"},"potentialAction":[{"@type":"SearchAction","target":{"@type":"EntryPoint","urlTemplate":"https:\/\/silverfir.ch\/?s={search_term_string}"},"query-input":{"@type":"PropertyValueSpecification","valueRequired":true,"valueName":"search_term_string"}}],"inLanguage":"fr-FR"},{"@type":"Organization","@id":"https:\/\/silverfir.ch\/#organization","name":"Silverfire","url":"https:\/\/silverfir.ch\/","logo":{"@type":"ImageObject","inLanguage":"fr-FR","@id":"https:\/\/silverfir.ch\/#\/schema\/logo\/image\/","url":"https:\/\/silverfir.ch\/wp-content\/uploads\/2016\/12\/cropped-Logo-silver-fir-520X520.jpg","contentUrl":"https:\/\/silverfir.ch\/wp-content\/uploads\/2016\/12\/cropped-Logo-silver-fir-520X520.jpg","width":512,"height":512,"caption":"Silverfire"},"image":{"@id":"https:\/\/silverfir.ch\/#\/schema\/logo\/image\/"}}]}},"_links":{"self":[{"href":"https:\/\/silverfir.ch\/index.php\/wp-json\/wp\/v2\/pages\/503","targetHints":{"allow":["GET"]}}],"collection":[{"href":"https:\/\/silverfir.ch\/index.php\/wp-json\/wp\/v2\/pages"}],"about":[{"href":"https:\/\/silverfir.ch\/index.php\/wp-json\/wp\/v2\/types\/page"}],"author":[{"embeddable":true,"href":"https:\/\/silverfir.ch\/index.php\/wp-json\/wp\/v2\/users\/1"}],"replies":[{"embeddable":true,"href":"https:\/\/silverfir.ch\/index.php\/wp-json\/wp\/v2\/comments?post=503"}],"version-history":[{"count":21,"href":"https:\/\/silverfir.ch\/index.php\/wp-json\/wp\/v2\/pages\/503\/revisions"}],"predecessor-version":[{"id":1176,"href":"https:\/\/silverfir.ch\/index.php\/wp-json\/wp\/v2\/pages\/503\/revisions\/1176"}],"wp:attachment":[{"href":"https:\/\/silverfir.ch\/index.php\/wp-json\/wp\/v2\/media?parent=503"}],"curies":[{"name":"wp","href":"https:\/\/api.w.org\/{rel}","templated":true}]}}