{"id":44,"date":"2016-12-17T18:23:16","date_gmt":"2016-12-17T17:23:16","guid":{"rendered":"https:\/\/silverfir.ch\/?page_id=44"},"modified":"2024-05-21T19:32:49","modified_gmt":"2024-05-21T17:32:49","slug":"swiss-handmade-skateboards","status":"publish","type":"page","link":"https:\/\/silverfir.ch\/","title":{"rendered":"A propos de nous"},"content":{"rendered":"<p><img loading=\"lazy\" decoding=\"async\" class=\"alignnone size-large wp-image-245\" src=\"https:\/\/silverfir.ch\/wp-content\/uploads\/2016\/12\/Sapin-700x194.jpg\" alt=\"\" width=\"700\" height=\"194\" srcset=\"https:\/\/silverfir.ch\/wp-content\/uploads\/2016\/12\/Sapin-700x194.jpg 700w, https:\/\/silverfir.ch\/wp-content\/uploads\/2016\/12\/Sapin-300x83.jpg 300w, https:\/\/silverfir.ch\/wp-content\/uploads\/2016\/12\/Sapin-768x213.jpg 768w, https:\/\/silverfir.ch\/wp-content\/uploads\/2016\/12\/Sapin-800x222.jpg 800w, https:\/\/silverfir.ch\/wp-content\/uploads\/2016\/12\/Sapin.jpg 1260w\" sizes=\"auto, (max-width: 700px) 100vw, 700px\" \/><\/p>\n<h6 style=\"text-align: left;\">Silver Fir Skateboards est n\u00e9 de ma passion pour le design et le travail du bois, cette mati\u00e8re si belle et si noble. Le bois, c&rsquo;est une histoire de famille, mon p\u00e8re, mon arri\u00e8re-grand-p\u00e8re ont tous travaill\u00e9 dans ce domaine. Le nom Silver Fir est d&rsquo;ailleurs en l&rsquo;hommage de ma contr\u00e9e d&rsquo;origine pays de for\u00eat de sapins.<\/h6>\n<h6 style=\"text-align: left;\">Lors de mon s\u00e9jour en Californie j&rsquo;ai \u00e9t\u00e9 marqu\u00e9e par la culture surf &amp; skate de cet endroit. Ce voyage m&rsquo;a inspir\u00e9 et, aujourd&rsquo;hui, j&rsquo;ai eu l&rsquo;envie de cr\u00e9er des skateboards cruiser enti\u00e8rement fait \u00e0 la main au look retro 70&rsquo;s qui rappellent l&rsquo;origine des premi\u00e8res planches qui \u00e9taient fabriqu\u00e9es en bois massif.<\/h6>\n<h6 style=\"text-align: left;\">Let&rsquo;s ride it and have fun !<\/h6>\n<p style=\"text-align: center;\"><a href=\"https:\/\/silverfir.ch\/index.php\/la-passion-des-sports-de-glisse\/\"><img loading=\"lazy\" decoding=\"async\" class=\"alignnone size-full wp-image-248\" src=\"https:\/\/silverfir.ch\/wp-content\/uploads\/2016\/12\/Bouton-Next-2.jpg\" alt=\"\" width=\"49\" height=\"66\" \/><\/a><\/p>\n","protected":false},"excerpt":{"rendered":"<p>Silver Fir Skateboards est n\u00e9 de ma passion pour le design et le travail du bois, cette mati\u00e8re si belle et si noble. Le bois, c&rsquo;est une histoire de famille, mon p\u00e8re, mon arri\u00e8re-grand-p\u00e8re ont tous travaill\u00e9 dans ce domaine. Le nom Silver Fir est d&rsquo;ailleurs en l&rsquo;hommage de ma contr\u00e9e d&rsquo;origine pays de for\u00eat&#8230;<\/p>\n","protected":false},"author":1,"featured_media":0,"parent":0,"menu_order":0,"comment_status":"closed","ping_status":"closed","template":"","meta":{"footnotes":""},"class_list":["post-44","page","type-page","status-publish","hentry"],"yoast_head":"<!-- This site is optimized with the Yoast SEO plugin v27.5 - https:\/\/yoast.com\/product\/yoast-seo-wordpress\/ -->\n<title>Skateboards Swiss made | Silverfir Skateboards | Swiss Handmade<\/title>\n<meta name=\"description\" content=\"Swiss Skateboards au design exclusif enti\u00e8rement fait \u00e0 la main en divers essences de bois, au look retro, homemade swiss skateboards,skate.\" \/>\n<meta name=\"robots\" content=\"index, follow, max-snippet:-1, max-image-preview:large, max-video-preview:-1\" \/>\n<link rel=\"canonical\" href=\"https:\/\/silverfir.ch\/\" \/>\n<meta property=\"og:locale\" content=\"fr_FR\" \/>\n<meta property=\"og:type\" content=\"article\" \/>\n<meta property=\"og:title\" content=\"Skateboards Swiss made | Silverfir Skateboards | Swiss Handmade\" \/>\n<meta property=\"og:description\" content=\"Swiss Skateboards au design exclusif enti\u00e8rement fait \u00e0 la main en divers essences de bois, au look retro, homemade swiss skateboards,skate.\" \/>\n<meta property=\"og:url\" content=\"https:\/\/silverfir.ch\/\" \/>\n<meta property=\"og:site_name\" content=\"Silver Fir Skateboards. Tous droits r\u00e9serv\u00e9s.\" \/>\n<meta property=\"article:modified_time\" content=\"2024-05-21T17:32:49+00:00\" \/>\n<meta property=\"og:image\" content=\"https:\/\/silverfir.ch\/wp-content\/uploads\/2016\/12\/Sapin-700x194.jpg\" \/>\n<meta name=\"twitter:card\" content=\"summary_large_image\" \/>\n<meta name=\"twitter:label1\" content=\"Dur\u00e9e de lecture estim\u00e9e\" \/>\n\t<meta name=\"twitter:data1\" content=\"1 minute\" \/>\n<script type=\"application\/ld+json\" class=\"yoast-schema-graph\">{\"@context\":\"https:\\\/\\\/schema.org\",\"@graph\":[{\"@type\":\"WebPage\",\"@id\":\"https:\\\/\\\/silverfir.ch\\\/\",\"url\":\"https:\\\/\\\/silverfir.ch\\\/\",\"name\":\"Skateboards Swiss made | Silverfir Skateboards | Swiss Handmade\",\"isPartOf\":{\"@id\":\"https:\\\/\\\/silverfir.ch\\\/#website\"},\"primaryImageOfPage\":{\"@id\":\"https:\\\/\\\/silverfir.ch\\\/#primaryimage\"},\"image\":{\"@id\":\"https:\\\/\\\/silverfir.ch\\\/#primaryimage\"},\"thumbnailUrl\":\"https:\\\/\\\/silverfir.ch\\\/wp-content\\\/uploads\\\/2016\\\/12\\\/Sapin-700x194.jpg\",\"datePublished\":\"2016-12-17T17:23:16+00:00\",\"dateModified\":\"2024-05-21T17:32:49+00:00\",\"description\":\"Swiss Skateboards au design exclusif enti\u00e8rement fait \u00e0 la main en divers essences de bois, au look retro, homemade swiss skateboards,skate.\",\"breadcrumb\":{\"@id\":\"https:\\\/\\\/silverfir.ch\\\/#breadcrumb\"},\"inLanguage\":\"fr-FR\",\"potentialAction\":[{\"@type\":\"ReadAction\",\"target\":[\"https:\\\/\\\/silverfir.ch\\\/\"]}]},{\"@type\":\"ImageObject\",\"inLanguage\":\"fr-FR\",\"@id\":\"https:\\\/\\\/silverfir.ch\\\/#primaryimage\",\"url\":\"https:\\\/\\\/silverfir.ch\\\/wp-content\\\/uploads\\\/2016\\\/12\\\/Sapin.jpg\",\"contentUrl\":\"https:\\\/\\\/silverfir.ch\\\/wp-content\\\/uploads\\\/2016\\\/12\\\/Sapin.jpg\",\"width\":1260,\"height\":350},{\"@type\":\"BreadcrumbList\",\"@id\":\"https:\\\/\\\/silverfir.ch\\\/#breadcrumb\",\"itemListElement\":[{\"@type\":\"ListItem\",\"position\":1,\"name\":\"Accueil\",\"item\":\"https:\\\/\\\/silverfir.ch\\\/\"},{\"@type\":\"ListItem\",\"position\":2,\"name\":\"A propos de nous\"}]},{\"@type\":\"WebSite\",\"@id\":\"https:\\\/\\\/silverfir.ch\\\/#website\",\"url\":\"https:\\\/\\\/silverfir.ch\\\/\",\"name\":\"Silver Fir Skateboards. Tous droits r\u00e9serv\u00e9s.\",\"description\":\"Swiss Homemade Surf Style Cruiser Skateboards\",\"publisher\":{\"@id\":\"https:\\\/\\\/silverfir.ch\\\/#organization\"},\"potentialAction\":[{\"@type\":\"SearchAction\",\"target\":{\"@type\":\"EntryPoint\",\"urlTemplate\":\"https:\\\/\\\/silverfir.ch\\\/?s={search_term_string}\"},\"query-input\":{\"@type\":\"PropertyValueSpecification\",\"valueRequired\":true,\"valueName\":\"search_term_string\"}}],\"inLanguage\":\"fr-FR\"},{\"@type\":\"Organization\",\"@id\":\"https:\\\/\\\/silverfir.ch\\\/#organization\",\"name\":\"Silverfire\",\"url\":\"https:\\\/\\\/silverfir.ch\\\/\",\"logo\":{\"@type\":\"ImageObject\",\"inLanguage\":\"fr-FR\",\"@id\":\"https:\\\/\\\/silverfir.ch\\\/#\\\/schema\\\/logo\\\/image\\\/\",\"url\":\"https:\\\/\\\/silverfir.ch\\\/wp-content\\\/uploads\\\/2016\\\/12\\\/cropped-Logo-silver-fir-520X520.jpg\",\"contentUrl\":\"https:\\\/\\\/silverfir.ch\\\/wp-content\\\/uploads\\\/2016\\\/12\\\/cropped-Logo-silver-fir-520X520.jpg\",\"width\":512,\"height\":512,\"caption\":\"Silverfire\"},\"image\":{\"@id\":\"https:\\\/\\\/silverfir.ch\\\/#\\\/schema\\\/logo\\\/image\\\/\"}}]}<\/script>\n<!-- \/ Yoast SEO plugin. -->","yoast_head_json":{"title":"Skateboards Swiss made | Silverfir Skateboards | Swiss Handmade","description":"Swiss Skateboards au design exclusif enti\u00e8rement fait \u00e0 la main en divers essences de bois, au look retro, homemade swiss skateboards,skate.","robots":{"index":"index","follow":"follow","max-snippet":"max-snippet:-1","max-image-preview":"max-image-preview:large","max-video-preview":"max-video-preview:-1"},"canonical":"https:\/\/silverfir.ch\/","og_locale":"fr_FR","og_type":"article","og_title":"Skateboards Swiss made | Silverfir Skateboards | Swiss Handmade","og_description":"Swiss Skateboards au design exclusif enti\u00e8rement fait \u00e0 la main en divers essences de bois, au look retro, homemade swiss skateboards,skate.","og_url":"https:\/\/silverfir.ch\/","og_site_name":"Silver Fir Skateboards. Tous droits r\u00e9serv\u00e9s.","article_modified_time":"2024-05-21T17:32:49+00:00","og_image":[{"url":"https:\/\/silverfir.ch\/wp-content\/uploads\/2016\/12\/Sapin-700x194.jpg","type":"","width":"","height":""}],"twitter_card":"summary_large_image","twitter_misc":{"Dur\u00e9e de lecture estim\u00e9e":"1 minute"},"schema":{"@context":"https:\/\/schema.org","@graph":[{"@type":"WebPage","@id":"https:\/\/silverfir.ch\/","url":"https:\/\/silverfir.ch\/","name":"Skateboards Swiss made | Silverfir Skateboards | Swiss Handmade","isPartOf":{"@id":"https:\/\/silverfir.ch\/#website"},"primaryImageOfPage":{"@id":"https:\/\/silverfir.ch\/#primaryimage"},"image":{"@id":"https:\/\/silverfir.ch\/#primaryimage"},"thumbnailUrl":"https:\/\/silverfir.ch\/wp-content\/uploads\/2016\/12\/Sapin-700x194.jpg","datePublished":"2016-12-17T17:23:16+00:00","dateModified":"2024-05-21T17:32:49+00:00","description":"Swiss Skateboards au design exclusif enti\u00e8rement fait \u00e0 la main en divers essences de bois, au look retro, homemade swiss skateboards,skate.","breadcrumb":{"@id":"https:\/\/silverfir.ch\/#breadcrumb"},"inLanguage":"fr-FR","potentialAction":[{"@type":"ReadAction","target":["https:\/\/silverfir.ch\/"]}]},{"@type":"ImageObject","inLanguage":"fr-FR","@id":"https:\/\/silverfir.ch\/#primaryimage","url":"https:\/\/silverfir.ch\/wp-content\/uploads\/2016\/12\/Sapin.jpg","contentUrl":"https:\/\/silverfir.ch\/wp-content\/uploads\/2016\/12\/Sapin.jpg","width":1260,"height":350},{"@type":"BreadcrumbList","@id":"https:\/\/silverfir.ch\/#breadcrumb","itemListElement":[{"@type":"ListItem","position":1,"name":"Accueil","item":"https:\/\/silverfir.ch\/"},{"@type":"ListItem","position":2,"name":"A propos de nous"}]},{"@type":"WebSite","@id":"https:\/\/silverfir.ch\/#website","url":"https:\/\/silverfir.ch\/","name":"Silver Fir Skateboards. Tous droits r\u00e9serv\u00e9s.","description":"Swiss Homemade Surf Style Cruiser Skateboards","publisher":{"@id":"https:\/\/silverfir.ch\/#organization"},"potentialAction":[{"@type":"SearchAction","target":{"@type":"EntryPoint","urlTemplate":"https:\/\/silverfir.ch\/?s={search_term_string}"},"query-input":{"@type":"PropertyValueSpecification","valueRequired":true,"valueName":"search_term_string"}}],"inLanguage":"fr-FR"},{"@type":"Organization","@id":"https:\/\/silverfir.ch\/#organization","name":"Silverfire","url":"https:\/\/silverfir.ch\/","logo":{"@type":"ImageObject","inLanguage":"fr-FR","@id":"https:\/\/silverfir.ch\/#\/schema\/logo\/image\/","url":"https:\/\/silverfir.ch\/wp-content\/uploads\/2016\/12\/cropped-Logo-silver-fir-520X520.jpg","contentUrl":"https:\/\/silverfir.ch\/wp-content\/uploads\/2016\/12\/cropped-Logo-silver-fir-520X520.jpg","width":512,"height":512,"caption":"Silverfire"},"image":{"@id":"https:\/\/silverfir.ch\/#\/schema\/logo\/image\/"}}]}},"_links":{"self":[{"href":"https:\/\/silverfir.ch\/index.php\/wp-json\/wp\/v2\/pages\/44","targetHints":{"allow":["GET"]}}],"collection":[{"href":"https:\/\/silverfir.ch\/index.php\/wp-json\/wp\/v2\/pages"}],"about":[{"href":"https:\/\/silverfir.ch\/index.php\/wp-json\/wp\/v2\/types\/page"}],"author":[{"embeddable":true,"href":"https:\/\/silverfir.ch\/index.php\/wp-json\/wp\/v2\/users\/1"}],"replies":[{"embeddable":true,"href":"https:\/\/silverfir.ch\/index.php\/wp-json\/wp\/v2\/comments?post=44"}],"version-history":[{"count":39,"href":"https:\/\/silverfir.ch\/index.php\/wp-json\/wp\/v2\/pages\/44\/revisions"}],"predecessor-version":[{"id":1224,"href":"https:\/\/silverfir.ch\/index.php\/wp-json\/wp\/v2\/pages\/44\/revisions\/1224"}],"wp:attachment":[{"href":"https:\/\/silverfir.ch\/index.php\/wp-json\/wp\/v2\/media?parent=44"}],"curies":[{"name":"wp","href":"https:\/\/api.w.org\/{rel}","templated":true}]}}