{"id":374,"date":"2016-12-29T12:01:39","date_gmt":"2016-12-29T11:01:39","guid":{"rendered":"https:\/\/silverfir.ch\/?page_id=374"},"modified":"2024-04-01T19:05:25","modified_gmt":"2024-04-01T17:05:25","slug":"style","status":"publish","type":"page","link":"https:\/\/silverfir.ch\/index.php\/style\/","title":{"rendered":"Style"},"content":{"rendered":"<h4 style=\"text-align: center;\">R\u00e9sultat, des boards \u00e0 la d\u00e9co unique. Ne reste plus que \u00e0 rider jusqu&rsquo; au coucher du soleil !<\/h4>\n<h6><\/h6>\n<p style=\"text-align: center;\"><img loading=\"lazy\" decoding=\"async\" class=\"size-medium wp-image-381 aligncenter\" src=\"https:\/\/silverfir.ch\/wp-content\/uploads\/2016\/12\/AB4K2279_CR2_retouch\u00e9e-300x300.jpg\" alt=\"\" width=\"300\" height=\"300\" srcset=\"https:\/\/silverfir.ch\/wp-content\/uploads\/2016\/12\/AB4K2279_CR2_retouch\u00e9e-300x300.jpg 300w, https:\/\/silverfir.ch\/wp-content\/uploads\/2016\/12\/AB4K2279_CR2_retouch\u00e9e-150x150.jpg 150w, https:\/\/silverfir.ch\/wp-content\/uploads\/2016\/12\/AB4K2279_CR2_retouch\u00e9e-768x768.jpg 768w, https:\/\/silverfir.ch\/wp-content\/uploads\/2016\/12\/AB4K2279_CR2_retouch\u00e9e-700x700.jpg 700w, https:\/\/silverfir.ch\/wp-content\/uploads\/2016\/12\/AB4K2279_CR2_retouch\u00e9e-800x800.jpg 800w\" sizes=\"auto, (max-width: 300px) 100vw, 300px\" \/><\/p>\n<p style=\"text-align: center;\"><img loading=\"lazy\" decoding=\"async\" class=\"alignnone size-medium wp-image-1046\" src=\"https:\/\/silverfir.ch\/wp-content\/uploads\/2023\/12\/AB4K2287_CR2_retouchee-1-300x300.jpg\" alt=\"\" width=\"300\" height=\"300\" srcset=\"https:\/\/silverfir.ch\/wp-content\/uploads\/2023\/12\/AB4K2287_CR2_retouchee-1-300x300.jpg 300w, https:\/\/silverfir.ch\/wp-content\/uploads\/2023\/12\/AB4K2287_CR2_retouchee-1-700x700.jpg 700w, https:\/\/silverfir.ch\/wp-content\/uploads\/2023\/12\/AB4K2287_CR2_retouchee-1-150x150.jpg 150w, https:\/\/silverfir.ch\/wp-content\/uploads\/2023\/12\/AB4K2287_CR2_retouchee-1-768x768.jpg 768w, https:\/\/silverfir.ch\/wp-content\/uploads\/2023\/12\/AB4K2287_CR2_retouchee-1-1536x1536.jpg 1536w, https:\/\/silverfir.ch\/wp-content\/uploads\/2023\/12\/AB4K2287_CR2_retouchee-1-2048x2048.jpg 2048w, https:\/\/silverfir.ch\/wp-content\/uploads\/2023\/12\/AB4K2287_CR2_retouchee-1-800x800.jpg 800w, https:\/\/silverfir.ch\/wp-content\/uploads\/2023\/12\/AB4K2287_CR2_retouchee-1-600x600.jpg 600w, https:\/\/silverfir.ch\/wp-content\/uploads\/2023\/12\/AB4K2287_CR2_retouchee-1-100x100.jpg 100w\" sizes=\"auto, (max-width: 300px) 100vw, 300px\" \/><\/p>\n<p style=\"text-align: center;\"><a href=\"https:\/\/silverfir.ch\/index.php\/swiss-homemade\/\"><img loading=\"lazy\" decoding=\"async\" class=\"alignnone wp-image-248 size-full\" src=\"https:\/\/silverfir.ch\/wp-content\/uploads\/2016\/12\/Bouton-Next-2.jpg\" alt=\"\" width=\"49\" height=\"66\" \/><\/a><\/p>\n","protected":false},"excerpt":{"rendered":"<p>R\u00e9sultat, des boards \u00e0 la d\u00e9co unique. Ne reste plus que \u00e0 rider jusqu&rsquo; au coucher du soleil !<\/p>\n","protected":false},"author":1,"featured_media":0,"parent":0,"menu_order":0,"comment_status":"closed","ping_status":"closed","template":"","meta":{"footnotes":""},"class_list":["post-374","page","type-page","status-publish","hentry"],"yoast_head":"<!-- This site is optimized with the Yoast SEO plugin v27.5 - https:\/\/yoast.com\/product\/yoast-seo-wordpress\/ -->\n<title>Surf Style Skateboards | Swiss handmade | Silverfir skateboards<\/title>\n<meta name=\"description\" content=\"Cruiser Skateboards au look surf style design exclusif fait main en suisse\" \/>\n<meta name=\"robots\" content=\"index, follow, max-snippet:-1, max-image-preview:large, max-video-preview:-1\" \/>\n<link rel=\"canonical\" href=\"https:\/\/silverfir.ch\/index.php\/style\/\" \/>\n<meta property=\"og:locale\" content=\"fr_FR\" \/>\n<meta property=\"og:type\" content=\"article\" \/>\n<meta property=\"og:title\" content=\"Surf Style Skateboards | Swiss handmade | Silverfir skateboards\" \/>\n<meta property=\"og:description\" content=\"Cruiser Skateboards au look surf style design exclusif fait main en suisse\" \/>\n<meta property=\"og:url\" content=\"https:\/\/silverfir.ch\/index.php\/style\/\" \/>\n<meta property=\"og:site_name\" content=\"Silver Fir Skateboards. Tous droits r\u00e9serv\u00e9s.\" \/>\n<meta property=\"article:modified_time\" content=\"2024-04-01T17:05:25+00:00\" \/>\n<meta property=\"og:image\" content=\"https:\/\/silverfir.ch\/wp-content\/uploads\/2023\/12\/AB4K2287_CR2_retouchee-1-300x300.jpg\" \/>\n<meta name=\"twitter:card\" content=\"summary_large_image\" \/>\n<meta name=\"twitter:label1\" content=\"Dur\u00e9e de lecture estim\u00e9e\" \/>\n\t<meta name=\"twitter:data1\" content=\"1 minute\" \/>\n<script type=\"application\/ld+json\" class=\"yoast-schema-graph\">{\"@context\":\"https:\\\/\\\/schema.org\",\"@graph\":[{\"@type\":\"WebPage\",\"@id\":\"https:\\\/\\\/silverfir.ch\\\/index.php\\\/style\\\/\",\"url\":\"https:\\\/\\\/silverfir.ch\\\/index.php\\\/style\\\/\",\"name\":\"Surf Style Skateboards | Swiss handmade | Silverfir skateboards\",\"isPartOf\":{\"@id\":\"https:\\\/\\\/silverfir.ch\\\/#website\"},\"primaryImageOfPage\":{\"@id\":\"https:\\\/\\\/silverfir.ch\\\/index.php\\\/style\\\/#primaryimage\"},\"image\":{\"@id\":\"https:\\\/\\\/silverfir.ch\\\/index.php\\\/style\\\/#primaryimage\"},\"thumbnailUrl\":\"https:\\\/\\\/silverfir.ch\\\/wp-content\\\/uploads\\\/2023\\\/12\\\/AB4K2287_CR2_retouchee-1-300x300.jpg\",\"datePublished\":\"2016-12-29T11:01:39+00:00\",\"dateModified\":\"2024-04-01T17:05:25+00:00\",\"description\":\"Cruiser Skateboards au look surf style design exclusif fait main en suisse\",\"breadcrumb\":{\"@id\":\"https:\\\/\\\/silverfir.ch\\\/index.php\\\/style\\\/#breadcrumb\"},\"inLanguage\":\"fr-FR\",\"potentialAction\":[{\"@type\":\"ReadAction\",\"target\":[\"https:\\\/\\\/silverfir.ch\\\/index.php\\\/style\\\/\"]}]},{\"@type\":\"ImageObject\",\"inLanguage\":\"fr-FR\",\"@id\":\"https:\\\/\\\/silverfir.ch\\\/index.php\\\/style\\\/#primaryimage\",\"url\":\"https:\\\/\\\/silverfir.ch\\\/wp-content\\\/uploads\\\/2023\\\/12\\\/AB4K2287_CR2_retouchee-1-scaled.jpg\",\"contentUrl\":\"https:\\\/\\\/silverfir.ch\\\/wp-content\\\/uploads\\\/2023\\\/12\\\/AB4K2287_CR2_retouchee-1-scaled.jpg\",\"width\":2560,\"height\":2560},{\"@type\":\"BreadcrumbList\",\"@id\":\"https:\\\/\\\/silverfir.ch\\\/index.php\\\/style\\\/#breadcrumb\",\"itemListElement\":[{\"@type\":\"ListItem\",\"position\":1,\"name\":\"Accueil\",\"item\":\"https:\\\/\\\/silverfir.ch\\\/\"},{\"@type\":\"ListItem\",\"position\":2,\"name\":\"Style\"}]},{\"@type\":\"WebSite\",\"@id\":\"https:\\\/\\\/silverfir.ch\\\/#website\",\"url\":\"https:\\\/\\\/silverfir.ch\\\/\",\"name\":\"Silver Fir Skateboards. Tous droits r\u00e9serv\u00e9s.\",\"description\":\"Swiss Homemade Surf Style Cruiser Skateboards\",\"publisher\":{\"@id\":\"https:\\\/\\\/silverfir.ch\\\/#organization\"},\"potentialAction\":[{\"@type\":\"SearchAction\",\"target\":{\"@type\":\"EntryPoint\",\"urlTemplate\":\"https:\\\/\\\/silverfir.ch\\\/?s={search_term_string}\"},\"query-input\":{\"@type\":\"PropertyValueSpecification\",\"valueRequired\":true,\"valueName\":\"search_term_string\"}}],\"inLanguage\":\"fr-FR\"},{\"@type\":\"Organization\",\"@id\":\"https:\\\/\\\/silverfir.ch\\\/#organization\",\"name\":\"Silverfire\",\"url\":\"https:\\\/\\\/silverfir.ch\\\/\",\"logo\":{\"@type\":\"ImageObject\",\"inLanguage\":\"fr-FR\",\"@id\":\"https:\\\/\\\/silverfir.ch\\\/#\\\/schema\\\/logo\\\/image\\\/\",\"url\":\"https:\\\/\\\/silverfir.ch\\\/wp-content\\\/uploads\\\/2016\\\/12\\\/cropped-Logo-silver-fir-520X520.jpg\",\"contentUrl\":\"https:\\\/\\\/silverfir.ch\\\/wp-content\\\/uploads\\\/2016\\\/12\\\/cropped-Logo-silver-fir-520X520.jpg\",\"width\":512,\"height\":512,\"caption\":\"Silverfire\"},\"image\":{\"@id\":\"https:\\\/\\\/silverfir.ch\\\/#\\\/schema\\\/logo\\\/image\\\/\"}}]}<\/script>\n<!-- \/ Yoast SEO plugin. -->","yoast_head_json":{"title":"Surf Style Skateboards | Swiss handmade | Silverfir skateboards","description":"Cruiser Skateboards au look surf style design exclusif fait main en suisse","robots":{"index":"index","follow":"follow","max-snippet":"max-snippet:-1","max-image-preview":"max-image-preview:large","max-video-preview":"max-video-preview:-1"},"canonical":"https:\/\/silverfir.ch\/index.php\/style\/","og_locale":"fr_FR","og_type":"article","og_title":"Surf Style Skateboards | Swiss handmade | Silverfir skateboards","og_description":"Cruiser Skateboards au look surf style design exclusif fait main en suisse","og_url":"https:\/\/silverfir.ch\/index.php\/style\/","og_site_name":"Silver Fir Skateboards. Tous droits r\u00e9serv\u00e9s.","article_modified_time":"2024-04-01T17:05:25+00:00","og_image":[{"url":"https:\/\/silverfir.ch\/wp-content\/uploads\/2023\/12\/AB4K2287_CR2_retouchee-1-300x300.jpg","type":"","width":"","height":""}],"twitter_card":"summary_large_image","twitter_misc":{"Dur\u00e9e de lecture estim\u00e9e":"1 minute"},"schema":{"@context":"https:\/\/schema.org","@graph":[{"@type":"WebPage","@id":"https:\/\/silverfir.ch\/index.php\/style\/","url":"https:\/\/silverfir.ch\/index.php\/style\/","name":"Surf Style Skateboards | Swiss handmade | Silverfir skateboards","isPartOf":{"@id":"https:\/\/silverfir.ch\/#website"},"primaryImageOfPage":{"@id":"https:\/\/silverfir.ch\/index.php\/style\/#primaryimage"},"image":{"@id":"https:\/\/silverfir.ch\/index.php\/style\/#primaryimage"},"thumbnailUrl":"https:\/\/silverfir.ch\/wp-content\/uploads\/2023\/12\/AB4K2287_CR2_retouchee-1-300x300.jpg","datePublished":"2016-12-29T11:01:39+00:00","dateModified":"2024-04-01T17:05:25+00:00","description":"Cruiser Skateboards au look surf style design exclusif fait main en suisse","breadcrumb":{"@id":"https:\/\/silverfir.ch\/index.php\/style\/#breadcrumb"},"inLanguage":"fr-FR","potentialAction":[{"@type":"ReadAction","target":["https:\/\/silverfir.ch\/index.php\/style\/"]}]},{"@type":"ImageObject","inLanguage":"fr-FR","@id":"https:\/\/silverfir.ch\/index.php\/style\/#primaryimage","url":"https:\/\/silverfir.ch\/wp-content\/uploads\/2023\/12\/AB4K2287_CR2_retouchee-1-scaled.jpg","contentUrl":"https:\/\/silverfir.ch\/wp-content\/uploads\/2023\/12\/AB4K2287_CR2_retouchee-1-scaled.jpg","width":2560,"height":2560},{"@type":"BreadcrumbList","@id":"https:\/\/silverfir.ch\/index.php\/style\/#breadcrumb","itemListElement":[{"@type":"ListItem","position":1,"name":"Accueil","item":"https:\/\/silverfir.ch\/"},{"@type":"ListItem","position":2,"name":"Style"}]},{"@type":"WebSite","@id":"https:\/\/silverfir.ch\/#website","url":"https:\/\/silverfir.ch\/","name":"Silver Fir Skateboards. Tous droits r\u00e9serv\u00e9s.","description":"Swiss Homemade Surf Style Cruiser Skateboards","publisher":{"@id":"https:\/\/silverfir.ch\/#organization"},"potentialAction":[{"@type":"SearchAction","target":{"@type":"EntryPoint","urlTemplate":"https:\/\/silverfir.ch\/?s={search_term_string}"},"query-input":{"@type":"PropertyValueSpecification","valueRequired":true,"valueName":"search_term_string"}}],"inLanguage":"fr-FR"},{"@type":"Organization","@id":"https:\/\/silverfir.ch\/#organization","name":"Silverfire","url":"https:\/\/silverfir.ch\/","logo":{"@type":"ImageObject","inLanguage":"fr-FR","@id":"https:\/\/silverfir.ch\/#\/schema\/logo\/image\/","url":"https:\/\/silverfir.ch\/wp-content\/uploads\/2016\/12\/cropped-Logo-silver-fir-520X520.jpg","contentUrl":"https:\/\/silverfir.ch\/wp-content\/uploads\/2016\/12\/cropped-Logo-silver-fir-520X520.jpg","width":512,"height":512,"caption":"Silverfire"},"image":{"@id":"https:\/\/silverfir.ch\/#\/schema\/logo\/image\/"}}]}},"_links":{"self":[{"href":"https:\/\/silverfir.ch\/index.php\/wp-json\/wp\/v2\/pages\/374","targetHints":{"allow":["GET"]}}],"collection":[{"href":"https:\/\/silverfir.ch\/index.php\/wp-json\/wp\/v2\/pages"}],"about":[{"href":"https:\/\/silverfir.ch\/index.php\/wp-json\/wp\/v2\/types\/page"}],"author":[{"embeddable":true,"href":"https:\/\/silverfir.ch\/index.php\/wp-json\/wp\/v2\/users\/1"}],"replies":[{"embeddable":true,"href":"https:\/\/silverfir.ch\/index.php\/wp-json\/wp\/v2\/comments?post=374"}],"version-history":[{"count":25,"href":"https:\/\/silverfir.ch\/index.php\/wp-json\/wp\/v2\/pages\/374\/revisions"}],"predecessor-version":[{"id":1183,"href":"https:\/\/silverfir.ch\/index.php\/wp-json\/wp\/v2\/pages\/374\/revisions\/1183"}],"wp:attachment":[{"href":"https:\/\/silverfir.ch\/index.php\/wp-json\/wp\/v2\/media?parent=374"}],"curies":[{"name":"wp","href":"https:\/\/api.w.org\/{rel}","templated":true}]}}