{"id":193,"date":"2016-12-18T20:28:47","date_gmt":"2016-12-18T19:28:47","guid":{"rendered":"https:\/\/silverfir.ch\/?page_id=193"},"modified":"2024-05-21T20:05:36","modified_gmt":"2024-05-21T18:05:36","slug":"fabrication","status":"publish","type":"page","link":"https:\/\/silverfir.ch\/index.php\/fabrication\/","title":{"rendered":"Fabrication"},"content":{"rendered":"<h6>\u00a0\u00a0\u00a0\u00a0\u00a0\u00a0\u00a0\u00a0\u00a0\u00a0\u00a0\u00a0\u00a0\u00a0\u00a0\u00a0\u00a0\u00a0\u00a0\u00a0\u00a0\u00a0\u00a0\u00a0\u00a0\u00a0\u00a0\u00a0\u00a0 <img loading=\"lazy\" decoding=\"async\" class=\"size-medium wp-image-310 aligncenter\" src=\"https:\/\/silverfir.ch\/wp-content\/uploads\/2016\/12\/IMG_1264_noir-blanc-225x300.jpg\" alt=\"\" width=\"225\" height=\"300\" srcset=\"https:\/\/silverfir.ch\/wp-content\/uploads\/2016\/12\/IMG_1264_noir-blanc-225x300.jpg 225w, https:\/\/silverfir.ch\/wp-content\/uploads\/2016\/12\/IMG_1264_noir-blanc-768x1024.jpg 768w, https:\/\/silverfir.ch\/wp-content\/uploads\/2016\/12\/IMG_1264_noir-blanc-700x933.jpg 700w, https:\/\/silverfir.ch\/wp-content\/uploads\/2016\/12\/IMG_1264_noir-blanc-800x1067.jpg 800w, https:\/\/silverfir.ch\/wp-content\/uploads\/2016\/12\/IMG_1264_noir-blanc.jpg 1224w\" sizes=\"auto, (max-width: 225px) 100vw, 225px\" \/> \u00a0\u00a0\u00a0 <img loading=\"lazy\" decoding=\"async\" class=\"size-medium wp-image-1232 aligncenter\" src=\"https:\/\/silverfir.ch\/wp-content\/uploads\/2024\/05\/IMG_1468_modif-300x169.jpg\" alt=\"\" width=\"300\" height=\"169\" srcset=\"https:\/\/silverfir.ch\/wp-content\/uploads\/2024\/05\/IMG_1468_modif-300x169.jpg 300w, https:\/\/silverfir.ch\/wp-content\/uploads\/2024\/05\/IMG_1468_modif-700x394.jpg 700w, https:\/\/silverfir.ch\/wp-content\/uploads\/2024\/05\/IMG_1468_modif-768x432.jpg 768w, https:\/\/silverfir.ch\/wp-content\/uploads\/2024\/05\/IMG_1468_modif-1536x864.jpg 1536w, https:\/\/silverfir.ch\/wp-content\/uploads\/2024\/05\/IMG_1468_modif-2048x1152.jpg 2048w, https:\/\/silverfir.ch\/wp-content\/uploads\/2024\/05\/IMG_1468_modif-800x450.jpg 800w, https:\/\/silverfir.ch\/wp-content\/uploads\/2024\/05\/IMG_1468_modif-600x337.jpg 600w\" sizes=\"auto, (max-width: 300px) 100vw, 300px\" \/><\/h6>\n<h6 style=\"text-align: center;\">Premi\u00e8re \u00e9tape, le skateboard en bois massif ou 7 plis d&rsquo;\u00e9rable est d\u00e9coup\u00e9, ponc\u00e9, perc\u00e9.<\/h6>\n<h6><\/h6>\n<p><img loading=\"lazy\" decoding=\"async\" class=\"size-medium wp-image-1233 aligncenter\" src=\"https:\/\/silverfir.ch\/wp-content\/uploads\/2024\/05\/IMG_1500-ret-225x300.jpg\" alt=\"\" width=\"225\" height=\"300\" srcset=\"https:\/\/silverfir.ch\/wp-content\/uploads\/2024\/05\/IMG_1500-ret-225x300.jpg 225w, https:\/\/silverfir.ch\/wp-content\/uploads\/2024\/05\/IMG_1500-ret-700x933.jpg 700w, https:\/\/silverfir.ch\/wp-content\/uploads\/2024\/05\/IMG_1500-ret-768x1024.jpg 768w, https:\/\/silverfir.ch\/wp-content\/uploads\/2024\/05\/IMG_1500-ret-1152x1536.jpg 1152w, https:\/\/silverfir.ch\/wp-content\/uploads\/2024\/05\/IMG_1500-ret-1536x2048.jpg 1536w, https:\/\/silverfir.ch\/wp-content\/uploads\/2024\/05\/IMG_1500-ret-800x1067.jpg 800w, https:\/\/silverfir.ch\/wp-content\/uploads\/2024\/05\/IMG_1500-ret-600x800.jpg 600w, https:\/\/silverfir.ch\/wp-content\/uploads\/2024\/05\/IMG_1500-ret-scaled.jpg 1920w\" sizes=\"auto, (max-width: 225px) 100vw, 225px\" \/><\/p>\n<p style=\"text-align: center;\">\n<p style=\"text-align: center;\">Pour les skates en 7 plis d&rsquo;\u00e9rable canadien nous fabriquons nos propres moules et shapes.<\/p>\n<p style=\"text-align: center;\">\n<p style=\"text-align: center;\"><a href=\"https:\/\/silverfir.ch\/index.php\/croquis\/\"><img loading=\"lazy\" decoding=\"async\" class=\"alignnone size-full wp-image-248\" src=\"https:\/\/silverfir.ch\/wp-content\/uploads\/2016\/12\/Bouton-Next-2.jpg\" alt=\"\" width=\"49\" height=\"66\" \/><\/a><\/p>\n","protected":false},"excerpt":{"rendered":"<p>\u00a0\u00a0\u00a0\u00a0\u00a0\u00a0\u00a0\u00a0\u00a0\u00a0\u00a0\u00a0\u00a0\u00a0\u00a0\u00a0\u00a0\u00a0\u00a0\u00a0\u00a0\u00a0\u00a0\u00a0\u00a0\u00a0\u00a0\u00a0\u00a0 \u00a0\u00a0\u00a0 Premi\u00e8re \u00e9tape, le skateboard en bois massif ou 7 plis d&rsquo;\u00e9rable est d\u00e9coup\u00e9, ponc\u00e9, perc\u00e9. Pour les skates en 7 plis d&rsquo;\u00e9rable canadien nous fabriquons nos propres moules et shapes.<\/p>\n","protected":false},"author":1,"featured_media":0,"parent":0,"menu_order":0,"comment_status":"closed","ping_status":"closed","template":"","meta":{"footnotes":""},"class_list":["post-193","page","type-page","status-publish","hentry"],"yoast_head":"<!-- This site is optimized with the Yoast SEO plugin v27.5 - https:\/\/yoast.com\/product\/yoast-seo-wordpress\/ -->\n<title>Fabrication de skates artisanaux | Fait main | Silverfir Skateboards Suisse | Skate Homemade<\/title>\n<meta name=\"description\" content=\"Silverfir est un atelier de farbrication de planches de skates situ\u00e9 en Suisse. Nos boards sont enti\u00e8rement fabriqu\u00e9e et d\u00e9cor\u00e9e \u00e0 la main.\" \/>\n<meta name=\"robots\" content=\"index, follow, max-snippet:-1, max-image-preview:large, max-video-preview:-1\" \/>\n<link rel=\"canonical\" href=\"https:\/\/silverfir.ch\/index.php\/fabrication\/\" \/>\n<meta property=\"og:locale\" content=\"fr_FR\" \/>\n<meta property=\"og:type\" content=\"article\" \/>\n<meta property=\"og:title\" content=\"Fabrication de skates artisanaux | Fait main | Silverfir Skateboards Suisse | Skate Homemade\" \/>\n<meta property=\"og:description\" content=\"Silverfir est un atelier de farbrication de planches de skates situ\u00e9 en Suisse. Nos boards sont enti\u00e8rement fabriqu\u00e9e et d\u00e9cor\u00e9e \u00e0 la main.\" \/>\n<meta property=\"og:url\" content=\"https:\/\/silverfir.ch\/index.php\/fabrication\/\" \/>\n<meta property=\"og:site_name\" content=\"Silver Fir Skateboards. Tous droits r\u00e9serv\u00e9s.\" \/>\n<meta property=\"article:modified_time\" content=\"2024-05-21T18:05:36+00:00\" \/>\n<meta property=\"og:image\" content=\"https:\/\/silverfir.ch\/wp-content\/uploads\/2016\/12\/IMG_1264_noir-blanc-225x300.jpg\" \/>\n<meta name=\"twitter:card\" content=\"summary_large_image\" \/>\n<meta name=\"twitter:label1\" content=\"Dur\u00e9e de lecture estim\u00e9e\" \/>\n\t<meta name=\"twitter:data1\" content=\"1 minute\" \/>\n<script type=\"application\/ld+json\" class=\"yoast-schema-graph\">{\"@context\":\"https:\\\/\\\/schema.org\",\"@graph\":[{\"@type\":\"WebPage\",\"@id\":\"https:\\\/\\\/silverfir.ch\\\/index.php\\\/fabrication\\\/\",\"url\":\"https:\\\/\\\/silverfir.ch\\\/index.php\\\/fabrication\\\/\",\"name\":\"Fabrication de skates artisanaux | Fait main | Silverfir Skateboards Suisse | Skate Homemade\",\"isPartOf\":{\"@id\":\"https:\\\/\\\/silverfir.ch\\\/#website\"},\"primaryImageOfPage\":{\"@id\":\"https:\\\/\\\/silverfir.ch\\\/index.php\\\/fabrication\\\/#primaryimage\"},\"image\":{\"@id\":\"https:\\\/\\\/silverfir.ch\\\/index.php\\\/fabrication\\\/#primaryimage\"},\"thumbnailUrl\":\"https:\\\/\\\/silverfir.ch\\\/wp-content\\\/uploads\\\/2016\\\/12\\\/IMG_1264_noir-blanc-225x300.jpg\",\"datePublished\":\"2016-12-18T19:28:47+00:00\",\"dateModified\":\"2024-05-21T18:05:36+00:00\",\"description\":\"Silverfir est un atelier de farbrication de planches de skates situ\u00e9 en Suisse. Nos boards sont enti\u00e8rement fabriqu\u00e9e et d\u00e9cor\u00e9e \u00e0 la main.\",\"breadcrumb\":{\"@id\":\"https:\\\/\\\/silverfir.ch\\\/index.php\\\/fabrication\\\/#breadcrumb\"},\"inLanguage\":\"fr-FR\",\"potentialAction\":[{\"@type\":\"ReadAction\",\"target\":[\"https:\\\/\\\/silverfir.ch\\\/index.php\\\/fabrication\\\/\"]}]},{\"@type\":\"ImageObject\",\"inLanguage\":\"fr-FR\",\"@id\":\"https:\\\/\\\/silverfir.ch\\\/index.php\\\/fabrication\\\/#primaryimage\",\"url\":\"https:\\\/\\\/silverfir.ch\\\/wp-content\\\/uploads\\\/2016\\\/12\\\/IMG_1264_noir-blanc.jpg\",\"contentUrl\":\"https:\\\/\\\/silverfir.ch\\\/wp-content\\\/uploads\\\/2016\\\/12\\\/IMG_1264_noir-blanc.jpg\",\"width\":1224,\"height\":1632},{\"@type\":\"BreadcrumbList\",\"@id\":\"https:\\\/\\\/silverfir.ch\\\/index.php\\\/fabrication\\\/#breadcrumb\",\"itemListElement\":[{\"@type\":\"ListItem\",\"position\":1,\"name\":\"Accueil\",\"item\":\"https:\\\/\\\/silverfir.ch\\\/\"},{\"@type\":\"ListItem\",\"position\":2,\"name\":\"Fabrication\"}]},{\"@type\":\"WebSite\",\"@id\":\"https:\\\/\\\/silverfir.ch\\\/#website\",\"url\":\"https:\\\/\\\/silverfir.ch\\\/\",\"name\":\"Silver Fir Skateboards. Tous droits r\u00e9serv\u00e9s.\",\"description\":\"Swiss Homemade Surf Style Cruiser Skateboards\",\"publisher\":{\"@id\":\"https:\\\/\\\/silverfir.ch\\\/#organization\"},\"potentialAction\":[{\"@type\":\"SearchAction\",\"target\":{\"@type\":\"EntryPoint\",\"urlTemplate\":\"https:\\\/\\\/silverfir.ch\\\/?s={search_term_string}\"},\"query-input\":{\"@type\":\"PropertyValueSpecification\",\"valueRequired\":true,\"valueName\":\"search_term_string\"}}],\"inLanguage\":\"fr-FR\"},{\"@type\":\"Organization\",\"@id\":\"https:\\\/\\\/silverfir.ch\\\/#organization\",\"name\":\"Silverfire\",\"url\":\"https:\\\/\\\/silverfir.ch\\\/\",\"logo\":{\"@type\":\"ImageObject\",\"inLanguage\":\"fr-FR\",\"@id\":\"https:\\\/\\\/silverfir.ch\\\/#\\\/schema\\\/logo\\\/image\\\/\",\"url\":\"https:\\\/\\\/silverfir.ch\\\/wp-content\\\/uploads\\\/2016\\\/12\\\/cropped-Logo-silver-fir-520X520.jpg\",\"contentUrl\":\"https:\\\/\\\/silverfir.ch\\\/wp-content\\\/uploads\\\/2016\\\/12\\\/cropped-Logo-silver-fir-520X520.jpg\",\"width\":512,\"height\":512,\"caption\":\"Silverfire\"},\"image\":{\"@id\":\"https:\\\/\\\/silverfir.ch\\\/#\\\/schema\\\/logo\\\/image\\\/\"}}]}<\/script>\n<!-- \/ Yoast SEO plugin. -->","yoast_head_json":{"title":"Fabrication de skates artisanaux | Fait main | Silverfir Skateboards Suisse | Skate Homemade","description":"Silverfir est un atelier de farbrication de planches de skates situ\u00e9 en Suisse. Nos boards sont enti\u00e8rement fabriqu\u00e9e et d\u00e9cor\u00e9e \u00e0 la main.","robots":{"index":"index","follow":"follow","max-snippet":"max-snippet:-1","max-image-preview":"max-image-preview:large","max-video-preview":"max-video-preview:-1"},"canonical":"https:\/\/silverfir.ch\/index.php\/fabrication\/","og_locale":"fr_FR","og_type":"article","og_title":"Fabrication de skates artisanaux | Fait main | Silverfir Skateboards Suisse | Skate Homemade","og_description":"Silverfir est un atelier de farbrication de planches de skates situ\u00e9 en Suisse. Nos boards sont enti\u00e8rement fabriqu\u00e9e et d\u00e9cor\u00e9e \u00e0 la main.","og_url":"https:\/\/silverfir.ch\/index.php\/fabrication\/","og_site_name":"Silver Fir Skateboards. Tous droits r\u00e9serv\u00e9s.","article_modified_time":"2024-05-21T18:05:36+00:00","og_image":[{"url":"https:\/\/silverfir.ch\/wp-content\/uploads\/2016\/12\/IMG_1264_noir-blanc-225x300.jpg","type":"","width":"","height":""}],"twitter_card":"summary_large_image","twitter_misc":{"Dur\u00e9e de lecture estim\u00e9e":"1 minute"},"schema":{"@context":"https:\/\/schema.org","@graph":[{"@type":"WebPage","@id":"https:\/\/silverfir.ch\/index.php\/fabrication\/","url":"https:\/\/silverfir.ch\/index.php\/fabrication\/","name":"Fabrication de skates artisanaux | Fait main | Silverfir Skateboards Suisse | Skate Homemade","isPartOf":{"@id":"https:\/\/silverfir.ch\/#website"},"primaryImageOfPage":{"@id":"https:\/\/silverfir.ch\/index.php\/fabrication\/#primaryimage"},"image":{"@id":"https:\/\/silverfir.ch\/index.php\/fabrication\/#primaryimage"},"thumbnailUrl":"https:\/\/silverfir.ch\/wp-content\/uploads\/2016\/12\/IMG_1264_noir-blanc-225x300.jpg","datePublished":"2016-12-18T19:28:47+00:00","dateModified":"2024-05-21T18:05:36+00:00","description":"Silverfir est un atelier de farbrication de planches de skates situ\u00e9 en Suisse. Nos boards sont enti\u00e8rement fabriqu\u00e9e et d\u00e9cor\u00e9e \u00e0 la main.","breadcrumb":{"@id":"https:\/\/silverfir.ch\/index.php\/fabrication\/#breadcrumb"},"inLanguage":"fr-FR","potentialAction":[{"@type":"ReadAction","target":["https:\/\/silverfir.ch\/index.php\/fabrication\/"]}]},{"@type":"ImageObject","inLanguage":"fr-FR","@id":"https:\/\/silverfir.ch\/index.php\/fabrication\/#primaryimage","url":"https:\/\/silverfir.ch\/wp-content\/uploads\/2016\/12\/IMG_1264_noir-blanc.jpg","contentUrl":"https:\/\/silverfir.ch\/wp-content\/uploads\/2016\/12\/IMG_1264_noir-blanc.jpg","width":1224,"height":1632},{"@type":"BreadcrumbList","@id":"https:\/\/silverfir.ch\/index.php\/fabrication\/#breadcrumb","itemListElement":[{"@type":"ListItem","position":1,"name":"Accueil","item":"https:\/\/silverfir.ch\/"},{"@type":"ListItem","position":2,"name":"Fabrication"}]},{"@type":"WebSite","@id":"https:\/\/silverfir.ch\/#website","url":"https:\/\/silverfir.ch\/","name":"Silver Fir Skateboards. Tous droits r\u00e9serv\u00e9s.","description":"Swiss Homemade Surf Style Cruiser Skateboards","publisher":{"@id":"https:\/\/silverfir.ch\/#organization"},"potentialAction":[{"@type":"SearchAction","target":{"@type":"EntryPoint","urlTemplate":"https:\/\/silverfir.ch\/?s={search_term_string}"},"query-input":{"@type":"PropertyValueSpecification","valueRequired":true,"valueName":"search_term_string"}}],"inLanguage":"fr-FR"},{"@type":"Organization","@id":"https:\/\/silverfir.ch\/#organization","name":"Silverfire","url":"https:\/\/silverfir.ch\/","logo":{"@type":"ImageObject","inLanguage":"fr-FR","@id":"https:\/\/silverfir.ch\/#\/schema\/logo\/image\/","url":"https:\/\/silverfir.ch\/wp-content\/uploads\/2016\/12\/cropped-Logo-silver-fir-520X520.jpg","contentUrl":"https:\/\/silverfir.ch\/wp-content\/uploads\/2016\/12\/cropped-Logo-silver-fir-520X520.jpg","width":512,"height":512,"caption":"Silverfire"},"image":{"@id":"https:\/\/silverfir.ch\/#\/schema\/logo\/image\/"}}]}},"_links":{"self":[{"href":"https:\/\/silverfir.ch\/index.php\/wp-json\/wp\/v2\/pages\/193","targetHints":{"allow":["GET"]}}],"collection":[{"href":"https:\/\/silverfir.ch\/index.php\/wp-json\/wp\/v2\/pages"}],"about":[{"href":"https:\/\/silverfir.ch\/index.php\/wp-json\/wp\/v2\/types\/page"}],"author":[{"embeddable":true,"href":"https:\/\/silverfir.ch\/index.php\/wp-json\/wp\/v2\/users\/1"}],"replies":[{"embeddable":true,"href":"https:\/\/silverfir.ch\/index.php\/wp-json\/wp\/v2\/comments?post=193"}],"version-history":[{"count":39,"href":"https:\/\/silverfir.ch\/index.php\/wp-json\/wp\/v2\/pages\/193\/revisions"}],"predecessor-version":[{"id":1236,"href":"https:\/\/silverfir.ch\/index.php\/wp-json\/wp\/v2\/pages\/193\/revisions\/1236"}],"wp:attachment":[{"href":"https:\/\/silverfir.ch\/index.php\/wp-json\/wp\/v2\/media?parent=193"}],"curies":[{"name":"wp","href":"https:\/\/api.w.org\/{rel}","templated":true}]}}