{"id":162,"date":"2016-12-17T21:07:20","date_gmt":"2016-12-17T20:07:20","guid":{"rendered":"https:\/\/silverfir.ch\/?page_id=162"},"modified":"2024-05-21T20:10:20","modified_gmt":"2024-05-21T18:10:20","slug":"croquis","status":"publish","type":"page","link":"https:\/\/silverfir.ch\/index.php\/croquis\/","title":{"rendered":"Croquis"},"content":{"rendered":"<p style=\"text-align: center;\"><img loading=\"lazy\" decoding=\"async\" class=\"alignnone wp-image-163 size-medium\" src=\"https:\/\/silverfir.ch\/wp-content\/uploads\/2016\/12\/img008-225x300.jpg\" alt=\"\" width=\"225\" height=\"300\" srcset=\"https:\/\/silverfir.ch\/wp-content\/uploads\/2016\/12\/img008-225x300.jpg 225w, https:\/\/silverfir.ch\/wp-content\/uploads\/2016\/12\/img008-768x1022.jpg 768w, https:\/\/silverfir.ch\/wp-content\/uploads\/2016\/12\/img008-700x932.jpg 700w, https:\/\/silverfir.ch\/wp-content\/uploads\/2016\/12\/img008-800x1065.jpg 800w, https:\/\/silverfir.ch\/wp-content\/uploads\/2016\/12\/img008.jpg 1039w\" sizes=\"auto, (max-width: 225px) 100vw, 225px\" \/><\/p>\n<h6 style=\"text-align: center;\">Ensuite, viens l&rsquo;op\u00e9ration de la recherche cr\u00e9ative du design sous forme de croquis.<\/h6>\n<p style=\"text-align: center;\"><a href=\"https:\/\/silverfir.ch\/index.php\/dessin-au-feutre-posca\/\"><img loading=\"lazy\" decoding=\"async\" class=\"alignnone size-full wp-image-248\" src=\"https:\/\/silverfir.ch\/wp-content\/uploads\/2016\/12\/Bouton-Next-2.jpg\" alt=\"\" width=\"49\" height=\"66\" \/><\/a><\/p>\n","protected":false},"excerpt":{"rendered":"<p>Ensuite, viens l&rsquo;op\u00e9ration de la recherche cr\u00e9ative du design sous forme de croquis.<\/p>\n","protected":false},"author":1,"featured_media":0,"parent":0,"menu_order":0,"comment_status":"closed","ping_status":"closed","template":"","meta":{"footnotes":""},"class_list":["post-162","page","type-page","status-publish","hentry"],"yoast_head":"<!-- This site is optimized with the Yoast SEO plugin v27.5 - https:\/\/yoast.com\/product\/yoast-seo-wordpress\/ -->\n<title>Design | Swiss Skateboards Handmade | Silverfir Skateboards | Croquis Design<\/title>\n<meta name=\"description\" content=\"Design et fabrication de skateboards enti\u00e8rement fabriqu\u00e9 \u00e0 la main en suisse. Skateboards unique, croquis \u00e0 la main, skateboards skteches.\" \/>\n<meta name=\"robots\" content=\"index, follow, max-snippet:-1, max-image-preview:large, max-video-preview:-1\" \/>\n<link rel=\"canonical\" href=\"https:\/\/silverfir.ch\/index.php\/croquis\/\" \/>\n<meta property=\"og:locale\" content=\"fr_FR\" \/>\n<meta property=\"og:type\" content=\"article\" \/>\n<meta property=\"og:title\" content=\"Design | Swiss Skateboards Handmade | Silverfir Skateboards | Croquis Design\" \/>\n<meta property=\"og:description\" content=\"Design et fabrication de skateboards enti\u00e8rement fabriqu\u00e9 \u00e0 la main en suisse. Skateboards unique, croquis \u00e0 la main, skateboards skteches.\" \/>\n<meta property=\"og:url\" content=\"https:\/\/silverfir.ch\/index.php\/croquis\/\" \/>\n<meta property=\"og:site_name\" content=\"Silver Fir Skateboards. Tous droits r\u00e9serv\u00e9s.\" \/>\n<meta property=\"article:modified_time\" content=\"2024-05-21T18:10:20+00:00\" \/>\n<meta property=\"og:image\" content=\"https:\/\/silverfir.ch\/wp-content\/uploads\/2016\/12\/img008-225x300.jpg\" \/>\n<meta name=\"twitter:card\" content=\"summary_large_image\" \/>\n<meta name=\"twitter:label1\" content=\"Dur\u00e9e de lecture estim\u00e9e\" \/>\n\t<meta name=\"twitter:data1\" content=\"1 minute\" \/>\n<script type=\"application\/ld+json\" class=\"yoast-schema-graph\">{\"@context\":\"https:\\\/\\\/schema.org\",\"@graph\":[{\"@type\":\"WebPage\",\"@id\":\"https:\\\/\\\/silverfir.ch\\\/index.php\\\/croquis\\\/\",\"url\":\"https:\\\/\\\/silverfir.ch\\\/index.php\\\/croquis\\\/\",\"name\":\"Design | Swiss Skateboards Handmade | Silverfir Skateboards | Croquis Design\",\"isPartOf\":{\"@id\":\"https:\\\/\\\/silverfir.ch\\\/#website\"},\"primaryImageOfPage\":{\"@id\":\"https:\\\/\\\/silverfir.ch\\\/index.php\\\/croquis\\\/#primaryimage\"},\"image\":{\"@id\":\"https:\\\/\\\/silverfir.ch\\\/index.php\\\/croquis\\\/#primaryimage\"},\"thumbnailUrl\":\"https:\\\/\\\/silverfir.ch\\\/wp-content\\\/uploads\\\/2016\\\/12\\\/img008-225x300.jpg\",\"datePublished\":\"2016-12-17T20:07:20+00:00\",\"dateModified\":\"2024-05-21T18:10:20+00:00\",\"description\":\"Design et fabrication de skateboards enti\u00e8rement fabriqu\u00e9 \u00e0 la main en suisse. Skateboards unique, croquis \u00e0 la main, skateboards skteches.\",\"breadcrumb\":{\"@id\":\"https:\\\/\\\/silverfir.ch\\\/index.php\\\/croquis\\\/#breadcrumb\"},\"inLanguage\":\"fr-FR\",\"potentialAction\":[{\"@type\":\"ReadAction\",\"target\":[\"https:\\\/\\\/silverfir.ch\\\/index.php\\\/croquis\\\/\"]}]},{\"@type\":\"ImageObject\",\"inLanguage\":\"fr-FR\",\"@id\":\"https:\\\/\\\/silverfir.ch\\\/index.php\\\/croquis\\\/#primaryimage\",\"url\":\"https:\\\/\\\/silverfir.ch\\\/wp-content\\\/uploads\\\/2016\\\/12\\\/img008.jpg\",\"contentUrl\":\"https:\\\/\\\/silverfir.ch\\\/wp-content\\\/uploads\\\/2016\\\/12\\\/img008.jpg\",\"width\":1039,\"height\":1383},{\"@type\":\"BreadcrumbList\",\"@id\":\"https:\\\/\\\/silverfir.ch\\\/index.php\\\/croquis\\\/#breadcrumb\",\"itemListElement\":[{\"@type\":\"ListItem\",\"position\":1,\"name\":\"Accueil\",\"item\":\"https:\\\/\\\/silverfir.ch\\\/\"},{\"@type\":\"ListItem\",\"position\":2,\"name\":\"Croquis\"}]},{\"@type\":\"WebSite\",\"@id\":\"https:\\\/\\\/silverfir.ch\\\/#website\",\"url\":\"https:\\\/\\\/silverfir.ch\\\/\",\"name\":\"Silver Fir Skateboards. Tous droits r\u00e9serv\u00e9s.\",\"description\":\"Swiss Homemade Surf Style Cruiser Skateboards\",\"publisher\":{\"@id\":\"https:\\\/\\\/silverfir.ch\\\/#organization\"},\"potentialAction\":[{\"@type\":\"SearchAction\",\"target\":{\"@type\":\"EntryPoint\",\"urlTemplate\":\"https:\\\/\\\/silverfir.ch\\\/?s={search_term_string}\"},\"query-input\":{\"@type\":\"PropertyValueSpecification\",\"valueRequired\":true,\"valueName\":\"search_term_string\"}}],\"inLanguage\":\"fr-FR\"},{\"@type\":\"Organization\",\"@id\":\"https:\\\/\\\/silverfir.ch\\\/#organization\",\"name\":\"Silverfire\",\"url\":\"https:\\\/\\\/silverfir.ch\\\/\",\"logo\":{\"@type\":\"ImageObject\",\"inLanguage\":\"fr-FR\",\"@id\":\"https:\\\/\\\/silverfir.ch\\\/#\\\/schema\\\/logo\\\/image\\\/\",\"url\":\"https:\\\/\\\/silverfir.ch\\\/wp-content\\\/uploads\\\/2016\\\/12\\\/cropped-Logo-silver-fir-520X520.jpg\",\"contentUrl\":\"https:\\\/\\\/silverfir.ch\\\/wp-content\\\/uploads\\\/2016\\\/12\\\/cropped-Logo-silver-fir-520X520.jpg\",\"width\":512,\"height\":512,\"caption\":\"Silverfire\"},\"image\":{\"@id\":\"https:\\\/\\\/silverfir.ch\\\/#\\\/schema\\\/logo\\\/image\\\/\"}}]}<\/script>\n<!-- \/ Yoast SEO plugin. -->","yoast_head_json":{"title":"Design | Swiss Skateboards Handmade | Silverfir Skateboards | Croquis Design","description":"Design et fabrication de skateboards enti\u00e8rement fabriqu\u00e9 \u00e0 la main en suisse. Skateboards unique, croquis \u00e0 la main, skateboards skteches.","robots":{"index":"index","follow":"follow","max-snippet":"max-snippet:-1","max-image-preview":"max-image-preview:large","max-video-preview":"max-video-preview:-1"},"canonical":"https:\/\/silverfir.ch\/index.php\/croquis\/","og_locale":"fr_FR","og_type":"article","og_title":"Design | Swiss Skateboards Handmade | Silverfir Skateboards | Croquis Design","og_description":"Design et fabrication de skateboards enti\u00e8rement fabriqu\u00e9 \u00e0 la main en suisse. Skateboards unique, croquis \u00e0 la main, skateboards skteches.","og_url":"https:\/\/silverfir.ch\/index.php\/croquis\/","og_site_name":"Silver Fir Skateboards. Tous droits r\u00e9serv\u00e9s.","article_modified_time":"2024-05-21T18:10:20+00:00","og_image":[{"url":"https:\/\/silverfir.ch\/wp-content\/uploads\/2016\/12\/img008-225x300.jpg","type":"","width":"","height":""}],"twitter_card":"summary_large_image","twitter_misc":{"Dur\u00e9e de lecture estim\u00e9e":"1 minute"},"schema":{"@context":"https:\/\/schema.org","@graph":[{"@type":"WebPage","@id":"https:\/\/silverfir.ch\/index.php\/croquis\/","url":"https:\/\/silverfir.ch\/index.php\/croquis\/","name":"Design | Swiss Skateboards Handmade | Silverfir Skateboards | Croquis Design","isPartOf":{"@id":"https:\/\/silverfir.ch\/#website"},"primaryImageOfPage":{"@id":"https:\/\/silverfir.ch\/index.php\/croquis\/#primaryimage"},"image":{"@id":"https:\/\/silverfir.ch\/index.php\/croquis\/#primaryimage"},"thumbnailUrl":"https:\/\/silverfir.ch\/wp-content\/uploads\/2016\/12\/img008-225x300.jpg","datePublished":"2016-12-17T20:07:20+00:00","dateModified":"2024-05-21T18:10:20+00:00","description":"Design et fabrication de skateboards enti\u00e8rement fabriqu\u00e9 \u00e0 la main en suisse. Skateboards unique, croquis \u00e0 la main, skateboards skteches.","breadcrumb":{"@id":"https:\/\/silverfir.ch\/index.php\/croquis\/#breadcrumb"},"inLanguage":"fr-FR","potentialAction":[{"@type":"ReadAction","target":["https:\/\/silverfir.ch\/index.php\/croquis\/"]}]},{"@type":"ImageObject","inLanguage":"fr-FR","@id":"https:\/\/silverfir.ch\/index.php\/croquis\/#primaryimage","url":"https:\/\/silverfir.ch\/wp-content\/uploads\/2016\/12\/img008.jpg","contentUrl":"https:\/\/silverfir.ch\/wp-content\/uploads\/2016\/12\/img008.jpg","width":1039,"height":1383},{"@type":"BreadcrumbList","@id":"https:\/\/silverfir.ch\/index.php\/croquis\/#breadcrumb","itemListElement":[{"@type":"ListItem","position":1,"name":"Accueil","item":"https:\/\/silverfir.ch\/"},{"@type":"ListItem","position":2,"name":"Croquis"}]},{"@type":"WebSite","@id":"https:\/\/silverfir.ch\/#website","url":"https:\/\/silverfir.ch\/","name":"Silver Fir Skateboards. Tous droits r\u00e9serv\u00e9s.","description":"Swiss Homemade Surf Style Cruiser Skateboards","publisher":{"@id":"https:\/\/silverfir.ch\/#organization"},"potentialAction":[{"@type":"SearchAction","target":{"@type":"EntryPoint","urlTemplate":"https:\/\/silverfir.ch\/?s={search_term_string}"},"query-input":{"@type":"PropertyValueSpecification","valueRequired":true,"valueName":"search_term_string"}}],"inLanguage":"fr-FR"},{"@type":"Organization","@id":"https:\/\/silverfir.ch\/#organization","name":"Silverfire","url":"https:\/\/silverfir.ch\/","logo":{"@type":"ImageObject","inLanguage":"fr-FR","@id":"https:\/\/silverfir.ch\/#\/schema\/logo\/image\/","url":"https:\/\/silverfir.ch\/wp-content\/uploads\/2016\/12\/cropped-Logo-silver-fir-520X520.jpg","contentUrl":"https:\/\/silverfir.ch\/wp-content\/uploads\/2016\/12\/cropped-Logo-silver-fir-520X520.jpg","width":512,"height":512,"caption":"Silverfire"},"image":{"@id":"https:\/\/silverfir.ch\/#\/schema\/logo\/image\/"}}]}},"_links":{"self":[{"href":"https:\/\/silverfir.ch\/index.php\/wp-json\/wp\/v2\/pages\/162","targetHints":{"allow":["GET"]}}],"collection":[{"href":"https:\/\/silverfir.ch\/index.php\/wp-json\/wp\/v2\/pages"}],"about":[{"href":"https:\/\/silverfir.ch\/index.php\/wp-json\/wp\/v2\/types\/page"}],"author":[{"embeddable":true,"href":"https:\/\/silverfir.ch\/index.php\/wp-json\/wp\/v2\/users\/1"}],"replies":[{"embeddable":true,"href":"https:\/\/silverfir.ch\/index.php\/wp-json\/wp\/v2\/comments?post=162"}],"version-history":[{"count":23,"href":"https:\/\/silverfir.ch\/index.php\/wp-json\/wp\/v2\/pages\/162\/revisions"}],"predecessor-version":[{"id":1242,"href":"https:\/\/silverfir.ch\/index.php\/wp-json\/wp\/v2\/pages\/162\/revisions\/1242"}],"wp:attachment":[{"href":"https:\/\/silverfir.ch\/index.php\/wp-json\/wp\/v2\/media?parent=162"}],"curies":[{"name":"wp","href":"https:\/\/api.w.org\/{rel}","templated":true}]}}