{"id":119,"date":"2016-12-17T20:04:39","date_gmt":"2016-12-17T19:04:39","guid":{"rendered":"https:\/\/silverfir.ch\/?page_id=119"},"modified":"2024-05-21T20:11:58","modified_gmt":"2024-05-21T18:11:58","slug":"accueil","status":"publish","type":"page","link":"https:\/\/silverfir.ch\/index.php\/accueil\/","title":{"rendered":"Accueil"},"content":{"rendered":"<h6 style=\"text-align: center;\"><img loading=\"lazy\" decoding=\"async\" class=\"alignnone wp-image-1037 size-large\" src=\"https:\/\/silverfir.ch\/wp-content\/uploads\/2023\/12\/skate-vague2_1260X350-2-700x194.jpg\" alt=\"\" width=\"700\" height=\"194\" srcset=\"https:\/\/silverfir.ch\/wp-content\/uploads\/2023\/12\/skate-vague2_1260X350-2-700x194.jpg 700w, https:\/\/silverfir.ch\/wp-content\/uploads\/2023\/12\/skate-vague2_1260X350-2-300x83.jpg 300w, https:\/\/silverfir.ch\/wp-content\/uploads\/2023\/12\/skate-vague2_1260X350-2-768x213.jpg 768w, https:\/\/silverfir.ch\/wp-content\/uploads\/2023\/12\/skate-vague2_1260X350-2-800x222.jpg 800w, https:\/\/silverfir.ch\/wp-content\/uploads\/2023\/12\/skate-vague2_1260X350-2-600x167.jpg 600w, https:\/\/silverfir.ch\/wp-content\/uploads\/2023\/12\/skate-vague2_1260X350-2.jpg 1260w\" sizes=\"auto, (max-width: 700px) 100vw, 700px\" \/><\/h6>\n<h1 style=\"text-align: center;\"><strong>Bienvenue chez Silver Fir Skateboards.<br \/>\n<\/strong><\/h1>\n<h4 style=\"text-align: center;\">Skateboards et Balance Boards au design unique, fabriqu\u00e9s et d\u00e9cor\u00e9s enti\u00e8rement \u00e0 la main en Suisse.<\/h4>\n<p style=\"text-align: center;\"><a href=\"https:\/\/silverfir.ch\/index.php\/homemade-surf-style-cruiser-skateboards\/\"><img loading=\"lazy\" decoding=\"async\" class=\"alignnone size-full wp-image-248\" src=\"https:\/\/silverfir.ch\/wp-content\/uploads\/2016\/12\/Bouton-Next-2.jpg\" alt=\"\" width=\"49\" height=\"66\" \/><\/a><\/p>\n<h6 style=\"text-align: center;\"><em>\u00a0<\/em><\/h6>\n","protected":false},"excerpt":{"rendered":"<p>Bienvenue chez Silver Fir Skateboards. Skateboards et Balance Boards au design unique, fabriqu\u00e9s et d\u00e9cor\u00e9s enti\u00e8rement \u00e0 la main en Suisse. \u00a0<\/p>\n","protected":false},"author":1,"featured_media":0,"parent":0,"menu_order":0,"comment_status":"closed","ping_status":"closed","template":"nosidebar.php","meta":{"footnotes":""},"class_list":["post-119","page","type-page","status-publish","hentry"],"yoast_head":"<!-- This site is optimized with the Yoast SEO plugin v27.5 - https:\/\/yoast.com\/product\/yoast-seo-wordpress\/ -->\n<title>Fabrication suisse de skateboards | Handmade | Silver Fir skateboards<\/title>\n<meta name=\"description\" content=\"Fabrication suisse de skateboards fait main au design exclusif\" \/>\n<meta name=\"robots\" content=\"index, follow, max-snippet:-1, max-image-preview:large, max-video-preview:-1\" \/>\n<link rel=\"canonical\" href=\"https:\/\/silverfir.ch\/index.php\/accueil\/\" \/>\n<meta property=\"og:locale\" content=\"fr_FR\" \/>\n<meta property=\"og:type\" content=\"article\" \/>\n<meta property=\"og:title\" content=\"Fabrication suisse de skateboards | Handmade | Silver Fir skateboards\" \/>\n<meta property=\"og:description\" content=\"Fabrication suisse de skateboards fait main au design exclusif\" \/>\n<meta property=\"og:url\" content=\"https:\/\/silverfir.ch\/index.php\/accueil\/\" \/>\n<meta property=\"og:site_name\" content=\"Silver Fir Skateboards. Tous droits r\u00e9serv\u00e9s.\" \/>\n<meta property=\"article:modified_time\" content=\"2024-05-21T18:11:58+00:00\" \/>\n<meta property=\"og:image\" content=\"https:\/\/silverfir.ch\/wp-content\/uploads\/2023\/12\/skate-vague2_1260X350-2-700x194.jpg\" \/>\n<meta name=\"twitter:card\" content=\"summary_large_image\" \/>\n<meta name=\"twitter:label1\" content=\"Dur\u00e9e de lecture estim\u00e9e\" \/>\n\t<meta name=\"twitter:data1\" content=\"1 minute\" \/>\n<script type=\"application\/ld+json\" class=\"yoast-schema-graph\">{\"@context\":\"https:\\\/\\\/schema.org\",\"@graph\":[{\"@type\":\"WebPage\",\"@id\":\"https:\\\/\\\/silverfir.ch\\\/index.php\\\/accueil\\\/\",\"url\":\"https:\\\/\\\/silverfir.ch\\\/index.php\\\/accueil\\\/\",\"name\":\"Fabrication suisse de skateboards | Handmade | Silver Fir skateboards\",\"isPartOf\":{\"@id\":\"https:\\\/\\\/silverfir.ch\\\/#website\"},\"primaryImageOfPage\":{\"@id\":\"https:\\\/\\\/silverfir.ch\\\/index.php\\\/accueil\\\/#primaryimage\"},\"image\":{\"@id\":\"https:\\\/\\\/silverfir.ch\\\/index.php\\\/accueil\\\/#primaryimage\"},\"thumbnailUrl\":\"https:\\\/\\\/silverfir.ch\\\/wp-content\\\/uploads\\\/2023\\\/12\\\/skate-vague2_1260X350-2-700x194.jpg\",\"datePublished\":\"2016-12-17T19:04:39+00:00\",\"dateModified\":\"2024-05-21T18:11:58+00:00\",\"description\":\"Fabrication suisse de skateboards fait main au design exclusif\",\"breadcrumb\":{\"@id\":\"https:\\\/\\\/silverfir.ch\\\/index.php\\\/accueil\\\/#breadcrumb\"},\"inLanguage\":\"fr-FR\",\"potentialAction\":[{\"@type\":\"ReadAction\",\"target\":[\"https:\\\/\\\/silverfir.ch\\\/index.php\\\/accueil\\\/\"]}]},{\"@type\":\"ImageObject\",\"inLanguage\":\"fr-FR\",\"@id\":\"https:\\\/\\\/silverfir.ch\\\/index.php\\\/accueil\\\/#primaryimage\",\"url\":\"https:\\\/\\\/silverfir.ch\\\/wp-content\\\/uploads\\\/2023\\\/12\\\/skate-vague2_1260X350-2.jpg\",\"contentUrl\":\"https:\\\/\\\/silverfir.ch\\\/wp-content\\\/uploads\\\/2023\\\/12\\\/skate-vague2_1260X350-2.jpg\",\"width\":1260,\"height\":350},{\"@type\":\"BreadcrumbList\",\"@id\":\"https:\\\/\\\/silverfir.ch\\\/index.php\\\/accueil\\\/#breadcrumb\",\"itemListElement\":[{\"@type\":\"ListItem\",\"position\":1,\"name\":\"Accueil\",\"item\":\"https:\\\/\\\/silverfir.ch\\\/\"},{\"@type\":\"ListItem\",\"position\":2,\"name\":\"Accueil\"}]},{\"@type\":\"WebSite\",\"@id\":\"https:\\\/\\\/silverfir.ch\\\/#website\",\"url\":\"https:\\\/\\\/silverfir.ch\\\/\",\"name\":\"Silver Fir Skateboards. Tous droits r\u00e9serv\u00e9s.\",\"description\":\"Swiss Homemade Surf Style Cruiser Skateboards\",\"publisher\":{\"@id\":\"https:\\\/\\\/silverfir.ch\\\/#organization\"},\"potentialAction\":[{\"@type\":\"SearchAction\",\"target\":{\"@type\":\"EntryPoint\",\"urlTemplate\":\"https:\\\/\\\/silverfir.ch\\\/?s={search_term_string}\"},\"query-input\":{\"@type\":\"PropertyValueSpecification\",\"valueRequired\":true,\"valueName\":\"search_term_string\"}}],\"inLanguage\":\"fr-FR\"},{\"@type\":\"Organization\",\"@id\":\"https:\\\/\\\/silverfir.ch\\\/#organization\",\"name\":\"Silverfire\",\"url\":\"https:\\\/\\\/silverfir.ch\\\/\",\"logo\":{\"@type\":\"ImageObject\",\"inLanguage\":\"fr-FR\",\"@id\":\"https:\\\/\\\/silverfir.ch\\\/#\\\/schema\\\/logo\\\/image\\\/\",\"url\":\"https:\\\/\\\/silverfir.ch\\\/wp-content\\\/uploads\\\/2016\\\/12\\\/cropped-Logo-silver-fir-520X520.jpg\",\"contentUrl\":\"https:\\\/\\\/silverfir.ch\\\/wp-content\\\/uploads\\\/2016\\\/12\\\/cropped-Logo-silver-fir-520X520.jpg\",\"width\":512,\"height\":512,\"caption\":\"Silverfire\"},\"image\":{\"@id\":\"https:\\\/\\\/silverfir.ch\\\/#\\\/schema\\\/logo\\\/image\\\/\"}}]}<\/script>\n<!-- \/ Yoast SEO plugin. -->","yoast_head_json":{"title":"Fabrication suisse de skateboards | Handmade | Silver Fir skateboards","description":"Fabrication suisse de skateboards fait main au design exclusif","robots":{"index":"index","follow":"follow","max-snippet":"max-snippet:-1","max-image-preview":"max-image-preview:large","max-video-preview":"max-video-preview:-1"},"canonical":"https:\/\/silverfir.ch\/index.php\/accueil\/","og_locale":"fr_FR","og_type":"article","og_title":"Fabrication suisse de skateboards | Handmade | Silver Fir skateboards","og_description":"Fabrication suisse de skateboards fait main au design exclusif","og_url":"https:\/\/silverfir.ch\/index.php\/accueil\/","og_site_name":"Silver Fir Skateboards. Tous droits r\u00e9serv\u00e9s.","article_modified_time":"2024-05-21T18:11:58+00:00","og_image":[{"url":"https:\/\/silverfir.ch\/wp-content\/uploads\/2023\/12\/skate-vague2_1260X350-2-700x194.jpg","type":"","width":"","height":""}],"twitter_card":"summary_large_image","twitter_misc":{"Dur\u00e9e de lecture estim\u00e9e":"1 minute"},"schema":{"@context":"https:\/\/schema.org","@graph":[{"@type":"WebPage","@id":"https:\/\/silverfir.ch\/index.php\/accueil\/","url":"https:\/\/silverfir.ch\/index.php\/accueil\/","name":"Fabrication suisse de skateboards | Handmade | Silver Fir skateboards","isPartOf":{"@id":"https:\/\/silverfir.ch\/#website"},"primaryImageOfPage":{"@id":"https:\/\/silverfir.ch\/index.php\/accueil\/#primaryimage"},"image":{"@id":"https:\/\/silverfir.ch\/index.php\/accueil\/#primaryimage"},"thumbnailUrl":"https:\/\/silverfir.ch\/wp-content\/uploads\/2023\/12\/skate-vague2_1260X350-2-700x194.jpg","datePublished":"2016-12-17T19:04:39+00:00","dateModified":"2024-05-21T18:11:58+00:00","description":"Fabrication suisse de skateboards fait main au design exclusif","breadcrumb":{"@id":"https:\/\/silverfir.ch\/index.php\/accueil\/#breadcrumb"},"inLanguage":"fr-FR","potentialAction":[{"@type":"ReadAction","target":["https:\/\/silverfir.ch\/index.php\/accueil\/"]}]},{"@type":"ImageObject","inLanguage":"fr-FR","@id":"https:\/\/silverfir.ch\/index.php\/accueil\/#primaryimage","url":"https:\/\/silverfir.ch\/wp-content\/uploads\/2023\/12\/skate-vague2_1260X350-2.jpg","contentUrl":"https:\/\/silverfir.ch\/wp-content\/uploads\/2023\/12\/skate-vague2_1260X350-2.jpg","width":1260,"height":350},{"@type":"BreadcrumbList","@id":"https:\/\/silverfir.ch\/index.php\/accueil\/#breadcrumb","itemListElement":[{"@type":"ListItem","position":1,"name":"Accueil","item":"https:\/\/silverfir.ch\/"},{"@type":"ListItem","position":2,"name":"Accueil"}]},{"@type":"WebSite","@id":"https:\/\/silverfir.ch\/#website","url":"https:\/\/silverfir.ch\/","name":"Silver Fir Skateboards. Tous droits r\u00e9serv\u00e9s.","description":"Swiss Homemade Surf Style Cruiser Skateboards","publisher":{"@id":"https:\/\/silverfir.ch\/#organization"},"potentialAction":[{"@type":"SearchAction","target":{"@type":"EntryPoint","urlTemplate":"https:\/\/silverfir.ch\/?s={search_term_string}"},"query-input":{"@type":"PropertyValueSpecification","valueRequired":true,"valueName":"search_term_string"}}],"inLanguage":"fr-FR"},{"@type":"Organization","@id":"https:\/\/silverfir.ch\/#organization","name":"Silverfire","url":"https:\/\/silverfir.ch\/","logo":{"@type":"ImageObject","inLanguage":"fr-FR","@id":"https:\/\/silverfir.ch\/#\/schema\/logo\/image\/","url":"https:\/\/silverfir.ch\/wp-content\/uploads\/2016\/12\/cropped-Logo-silver-fir-520X520.jpg","contentUrl":"https:\/\/silverfir.ch\/wp-content\/uploads\/2016\/12\/cropped-Logo-silver-fir-520X520.jpg","width":512,"height":512,"caption":"Silverfire"},"image":{"@id":"https:\/\/silverfir.ch\/#\/schema\/logo\/image\/"}}]}},"_links":{"self":[{"href":"https:\/\/silverfir.ch\/index.php\/wp-json\/wp\/v2\/pages\/119","targetHints":{"allow":["GET"]}}],"collection":[{"href":"https:\/\/silverfir.ch\/index.php\/wp-json\/wp\/v2\/pages"}],"about":[{"href":"https:\/\/silverfir.ch\/index.php\/wp-json\/wp\/v2\/types\/page"}],"author":[{"embeddable":true,"href":"https:\/\/silverfir.ch\/index.php\/wp-json\/wp\/v2\/users\/1"}],"replies":[{"embeddable":true,"href":"https:\/\/silverfir.ch\/index.php\/wp-json\/wp\/v2\/comments?post=119"}],"version-history":[{"count":72,"href":"https:\/\/silverfir.ch\/index.php\/wp-json\/wp\/v2\/pages\/119\/revisions"}],"predecessor-version":[{"id":1245,"href":"https:\/\/silverfir.ch\/index.php\/wp-json\/wp\/v2\/pages\/119\/revisions\/1245"}],"wp:attachment":[{"href":"https:\/\/silverfir.ch\/index.php\/wp-json\/wp\/v2\/media?parent=119"}],"curies":[{"name":"wp","href":"https:\/\/api.w.org\/{rel}","templated":true}]}}